{"id":7218,"date":"2023-06-07T20:31:21","date_gmt":"2023-06-07T20:31:21","guid":{"rendered":"https:\/\/atsindustrialautomation.com\/wo-wir-taetig-sind\/"},"modified":"2026-03-30T15:33:31","modified_gmt":"2026-03-30T15:33:31","slug":"wo-wir-taetig-sind","status":"publish","type":"page","link":"https:\/\/atsindustrialautomation.com\/de\/wo-wir-taetig-sind\/","title":{"rendered":"Wo wir t\u00e4tig sind"},"content":{"rendered":"<div class=\"gb-container gb-container-d06489f7 atsia-secondary-hero-section alignfull\"><div class=\"gb-inside-container\">\n\n<div class=\"wp-block-cover is-light\" style=\"min-height:250px;aspect-ratio:unset;\"><video class=\"wp-block-cover__video-background intrinsic-ignore\" autoplay muted loop playsinline src=\"https:\/\/atsindustrialautomation.com\/wp-content\/uploads\/sites\/57\/2023\/09\/where-we-play-combined-1.mp4\" data-object-fit=\"cover\"><\/video><span aria-hidden=\"true\" class=\"wp-block-cover__background has-background-dim-0 has-background-dim\"><\/span><div class=\"wp-block-cover__inner-container is-layout-flow wp-block-cover-is-layout-flow\"><div class=\"gb-container gb-container-7911cb2c home-hero-section alignfull\"><div class=\"gb-inside-container\">\n<div class=\"gb-container gb-container-a7c70571\"><div class=\"gb-inside-container\">\n<div class=\"gb-grid-wrapper gb-grid-wrapper-e1406110\">\n<div class=\"gb-grid-column gb-grid-column-a0ee9898\"><div class=\"gb-container gb-container-a0ee9898 hero-text\"><div class=\"gb-inside-container\">\n\n<h1 class=\"gb-headline gb-headline-c0b2c2df gb-headline-text\"><strong><mark style=\"background-color:rgba(0, 0, 0, 0);color:#4fc1be\" class=\"has-inline-color\">Branchen, die wir bedienen<\/mark><\/strong><\/h1>\n\n\n\n<h2 class=\"gb-headline gb-headline-568ef710 gb-headline-text\">Branchen effizient, effektiv und intelligent transformieren<\/h2>\n\n<\/div><\/div><\/div>\n\n<div class=\"gb-grid-column gb-grid-column-2eb8df68\"><div class=\"gb-container gb-container-2eb8df68\"><div class=\"gb-inside-container\"><\/div><\/div><\/div>\n<\/div>\n<\/div><\/div>\n<\/div><\/div><\/div><\/div>\n\n\n<div class=\"gb-container gb-container-7f7fdd7c home-hero-section alignfull\"><div class=\"gb-inside-container\">\n<div class=\"gb-container gb-container-beccbe25\"><div class=\"gb-inside-container\">\n<div class=\"gb-grid-wrapper gb-grid-wrapper-de4cb5b5\">\n<div class=\"gb-grid-column gb-grid-column-74e3b672\"><div class=\"gb-container gb-container-74e3b672 hero-text\"><div class=\"gb-inside-container\">\n\n<p class=\"gb-headline gb-headline-67ed2b6f gb-headline-text\">Wo wir t\u00e4tig sind<\/p>\n\n\n\n<h2 class=\"gb-headline gb-headline-03654d70 gb-headline-text\">Branchen effizient, effektiv und intelligent transformieren<\/h2>\n\n<\/div><\/div><\/div>\n\n<div class=\"gb-grid-column gb-grid-column-c4b21b7a\"><div class=\"gb-container gb-container-c4b21b7a\"><div class=\"gb-inside-container\"><\/div><\/div><\/div>\n<\/div>\n<\/div><\/div>\n<\/div><\/div>\n<\/div><\/div>\n\n<div class=\"gb-container gb-container-191d8511 alignfull\"><div class=\"gb-inside-container\">\n\n<p class=\"gb-headline gb-headline-15341b38 gb-headline-text\"><strong>Wir liefern qualitativ hochwertige, wiederholbare und flexible L\u00f6sungen f\u00fcr die Prozessautomatisierung in der Fahrzeugindustrie, der Energiespeicherung, der Nuklearindustrie, der Konsumg\u00fcterindustrie und einer Vielzahl anderer Branchen.<\/strong><\/p>\n\n<\/div><\/div>\n\n<div class=\"gb-container gb-container-33a19538 alignfull\"><div class=\"gb-inside-container\">\n<div class=\"gb-grid-wrapper gb-grid-wrapper-06d826d1\">\n<div class=\"gb-grid-column gb-grid-column-834a81e4\"><div class=\"gb-container gb-container-834a81e4\"><a class=\"gb-container-link\" href=\"https:\/\/atsindustrialautomation.com\/de\/wo-wir-taetig-sind\/elektromobilitaet\/\" aria-label=\"Elektromobilit\u00e4t\"><\/a><div class=\"gb-inside-container\">\n\n<figure class=\"gb-block-image gb-block-image-bb6271e3\"><img decoding=\"async\" loading=\"lazy\" width=\"1048\" height=\"550\" class=\"gb-image gb-image-bb6271e3\" src=\"https:\/\/atsindustrialautomation.com\/wp-content\/uploads\/sites\/57\/2023\/07\/Where-We-Lead-eMobility.png\" alt=\"Elektromobilit\u00e4t\" title=\"Where We Lead eMobility\" srcset=\"https:\/\/atsindustrialautomation.com\/wp-content\/uploads\/sites\/57\/2023\/07\/Where-We-Lead-eMobility.png 1048w, https:\/\/atsindustrialautomation.com\/wp-content\/uploads\/sites\/57\/2023\/07\/Where-We-Lead-eMobility.png?resize=300,157 300w, https:\/\/atsindustrialautomation.com\/wp-content\/uploads\/sites\/57\/2023\/07\/Where-We-Lead-eMobility.png?resize=768,403 768w, https:\/\/atsindustrialautomation.com\/wp-content\/uploads\/sites\/57\/2023\/07\/Where-We-Lead-eMobility.png?resize=1024,537 1024w\" sizes=\"auto, (max-width: 1048px) 100vw, 1048px\" \/><\/figure>\n\n<\/div><\/div><\/div>\n\n<div class=\"gb-grid-column gb-grid-column-b6d8c697\"><div class=\"gb-container gb-container-b6d8c697\"><div class=\"gb-inside-container\">\n\n<h2 class=\"gb-headline gb-headline-92e01933 gb-headline-text\">Elektromobilit\u00e4t<\/h2>\n\n\n\n<p class=\"gb-headline gb-headline-4bef7a49 gb-headline-text\">Unsere Erfahrung mit der Automatisierung von mehr als 110 Montage- und Testlinen f\u00fcr Elektrofahrzeugbatterien macht uns zu einem weltweit f\u00fchrenden Anbieter von Automatisierungsl\u00f6sungen f\u00fcr die Elektromobilit\u00e4tsbranche. Unser modularer Ansatz f\u00fcr Materialhandling, Schwei\u00dfen, Inspektion und Testen erm\u00f6glicht es unseren Kunden, ihre Produkte p\u00fcnktlich und innerhalb des Kostenrahmens auf den Markt zu bringen.<\/p>\n\n\n<div class=\"gb-button-wrapper gb-button-wrapper-36c3738d\">\n\n<a class=\"gb-button gb-button-251c0d98 gb-button-text\" href=\"https:\/\/atsindustrialautomation.com\/de\/wo-wir-taetig-sind\/elektromobilitaet\/\">Angebote ansehen<\/a>\n\n<\/div>\n<\/div><\/div><\/div>\n<\/div>\n\n<div class=\"gb-container gb-container-248d6599 hero-with-robobar\"><div class=\"gb-inside-container\"><\/div><\/div>\n<\/div><\/div>\n\n<div class=\"gb-container gb-container-f6373abd alignfull\"><div class=\"gb-inside-container\">\n<div class=\"gb-grid-wrapper gb-grid-wrapper-26499201\">\n<div class=\"gb-grid-column gb-grid-column-f12d66e9\"><div class=\"gb-container gb-container-f12d66e9\"><div class=\"gb-inside-container\">\n\n<h2 class=\"gb-headline gb-headline-d825ee7c gb-headline-text\">Energiespeicherung<\/h2>\n\n\n\n<p class=\"gb-headline gb-headline-8a5c858c gb-headline-text\">Unternehmen mit innovativen Ideen brauchen einen zuverl\u00e4ssigen Partner, der \u00fcber das n\u00f6tige Know-how in der Fertigung verf\u00fcgt, um vom Konzept \u00fcber die Pilotphase bis hin zur weltweiten Produktion zu gelangen. Wir bieten hochwertige L\u00f6sungen f\u00fcr Hochgeschwindigkeitsmontage und -tests f\u00fcr etablierte und neue Energiespeichertechnologien.<\/p>\n\n\n<div class=\"gb-button-wrapper gb-button-wrapper-c7ecc92e\">\n\n<a class=\"gb-button gb-button-6dec5ae5 gb-button-text\" href=\"https:\/\/atsindustrialautomation.com\/de\/wo-wir-taetig-sind\/energiespeicherung\/\">Angebote ansehen<\/a>\n\n<\/div>\n<\/div><\/div><\/div>\n\n<div class=\"gb-grid-column gb-grid-column-58f56744\"><div class=\"gb-container gb-container-58f56744\"><a class=\"gb-container-link\" href=\"https:\/\/atsindustrialautomation.com\/de\/wo-wir-taetig-sind\/energiespeicherung\/\" aria-label=\"Energiespeicherung\"><\/a><div class=\"gb-inside-container\">\n\n<figure class=\"gb-block-image gb-block-image-55eb2a64\"><img decoding=\"async\" loading=\"lazy\" width=\"1048\" height=\"550\" class=\"gb-image gb-image-55eb2a64\" src=\"https:\/\/atsindustrialautomation.com\/wp-content\/uploads\/sites\/57\/2023\/08\/Where-We-Lead-Energy.png\" alt=\"Energiespeicherung\" title=\"Where We Lead Energy\" srcset=\"https:\/\/atsindustrialautomation.com\/wp-content\/uploads\/sites\/57\/2023\/08\/Where-We-Lead-Energy.png 1048w, https:\/\/atsindustrialautomation.com\/wp-content\/uploads\/sites\/57\/2023\/08\/Where-We-Lead-Energy.png?resize=300,157 300w, https:\/\/atsindustrialautomation.com\/wp-content\/uploads\/sites\/57\/2023\/08\/Where-We-Lead-Energy.png?resize=768,403 768w, https:\/\/atsindustrialautomation.com\/wp-content\/uploads\/sites\/57\/2023\/08\/Where-We-Lead-Energy.png?resize=1024,537 1024w\" sizes=\"auto, (max-width: 1048px) 100vw, 1048px\" \/><\/figure>\n\n<\/div><\/div><\/div>\n<\/div>\n\n<div class=\"gb-container gb-container-abfbf71e hero-with-robobar\"><div class=\"gb-inside-container\"><\/div><\/div>\n<\/div><\/div>\n\n<div class=\"gb-container gb-container-6879b871 alignfull\"><div class=\"gb-inside-container\">\n<div class=\"gb-grid-wrapper gb-grid-wrapper-e14044f4\">\n<div class=\"gb-grid-column gb-grid-column-10a2b7af\"><div class=\"gb-container gb-container-10a2b7af\"><a class=\"gb-container-link\" href=\"https:\/\/atsindustrialautomation.com\/de\/wo-wir-taetig-sind\/kernkraftanlagen\/\" aria-label=\"Kernkraftanlagen\"><\/a><div class=\"gb-inside-container\">\n\n<figure class=\"gb-block-image gb-block-image-e2d06245\"><img decoding=\"async\" loading=\"lazy\" width=\"1048\" height=\"550\" class=\"gb-image gb-image-e2d06245\" src=\"https:\/\/atsindustrialautomation.com\/wp-content\/uploads\/sites\/57\/2023\/08\/Where-We-Lead-Nuclear.png\" alt=\"Kernkraftanlagen\" title=\"Where We Lead Nuclear\" srcset=\"https:\/\/atsindustrialautomation.com\/wp-content\/uploads\/sites\/57\/2023\/08\/Where-We-Lead-Nuclear.png 1048w, https:\/\/atsindustrialautomation.com\/wp-content\/uploads\/sites\/57\/2023\/08\/Where-We-Lead-Nuclear.png?resize=300,157 300w, https:\/\/atsindustrialautomation.com\/wp-content\/uploads\/sites\/57\/2023\/08\/Where-We-Lead-Nuclear.png?resize=768,403 768w, https:\/\/atsindustrialautomation.com\/wp-content\/uploads\/sites\/57\/2023\/08\/Where-We-Lead-Nuclear.png?resize=1024,537 1024w\" sizes=\"auto, (max-width: 1048px) 100vw, 1048px\" \/><\/figure>\n\n<\/div><\/div><\/div>\n\n<div class=\"gb-grid-column gb-grid-column-c29f15fe\"><div class=\"gb-container gb-container-c29f15fe\"><div class=\"gb-inside-container\">\n\n<h2 class=\"gb-headline gb-headline-15c4a2ab gb-headline-text\">Kernkraftanlagen<\/h2>\n\n\n\n<p class=\"gb-headline gb-headline-93afdd78 gb-headline-text\">Unser umfangreiches, preisgekr\u00f6ntes Automatisierungs-Know-how im Nuklearbereich erm\u00f6glicht wachsende Kernenergiekapazit\u00e4ten in Nordamerika. Unser Team stellt kundenspezifische automatisierte Systeme und Werkzeuge f\u00fcr den Neubau, die Modernisierung und die Stilllegung von Reaktoren sowie f\u00fcr Programme f\u00fcr kleine modulare Reaktoren (SMR) her. Unsere Kunden k\u00f6nnen die Strahlenbelastung des Bedienpersonals vermeiden oder reduzieren, die Sicherheit verbessern und Wochen an Zeit sparen.<\/p>\n\n\n<div class=\"gb-button-wrapper gb-button-wrapper-385189b7\">\n\n<a class=\"gb-button gb-button-9a9cc12e gb-button-text\" href=\"https:\/\/atsindustrialautomation.com\/de\/wo-wir-taetig-sind\/kernkraftanlagen\/\">Angebote ansehen<\/a>\n\n<\/div>\n<\/div><\/div><\/div>\n<\/div>\n\n<div class=\"gb-container gb-container-2297df19 hero-with-robobar\"><div class=\"gb-inside-container\"><\/div><\/div>\n<\/div><\/div>\n\n<div class=\"gb-container gb-container-7cf1baf0 alignfull\"><div class=\"gb-inside-container\">\n<div class=\"gb-grid-wrapper gb-grid-wrapper-3c72b296\">\n<div class=\"gb-grid-column gb-grid-column-9a3da211\"><div class=\"gb-container gb-container-9a3da211\"><div class=\"gb-inside-container\">\n\n<h2 class=\"gb-headline gb-headline-215a0cd4 gb-headline-text\">Industrie- und Konsumg\u00fcter<\/h2>\n\n\n\n<p class=\"gb-headline gb-headline-4e8dc293 gb-headline-text\">Angesichts der zunehmenden Produktvariationen und des Drucks, schnell auf den Markt zu kommen, sind f\u00fcr die Konsumg\u00fcter und Industrieprodukte von heute flexible und digitale Automatisierungsl\u00f6sungen f\u00fcr die Hochgeschwindigkeitsmontage und -tests erforderlich. F\u00fcr Hersteller von Gesundheits- und Sch\u00f6nheitsprodukten, Haushaltswaren, langlebigen G\u00fctern, Elektronik, Schwerteilen oder Lagerlogistik bieten wir eine Reihe von Automatisierungsl\u00f6sungen, mit denen sich Produkte effizient und kosteng\u00fcnstig montieren, bewegen, pr\u00fcfen, verpacken, sortieren und versenden lassen.<\/p>\n\n\n<div class=\"gb-button-wrapper gb-button-wrapper-8a34a940\">\n\n<a class=\"gb-button gb-button-6428c62f gb-button-text\" href=\"https:\/\/atsindustrialautomation.com\/de\/wo-wir-taetig-sind\/herstellung-von-industrie-und-konsumguetern\/\">Angebote ansehen<\/a>\n\n<\/div>\n<\/div><\/div><\/div>\n\n<div class=\"gb-grid-column gb-grid-column-3e070904\"><div class=\"gb-container gb-container-3e070904\"><a class=\"gb-container-link\" href=\"https:\/\/atsindustrialautomation.com\/de\/wo-wir-taetig-sind\/herstellung-von-industrie-und-konsumguetern\/\" aria-label=\"Industrie- und Konsumg\u00fcter\"><\/a><div class=\"gb-inside-container\">\n\n<figure class=\"gb-block-image gb-block-image-f126a60b\"><img decoding=\"async\" loading=\"lazy\" width=\"1048\" height=\"550\" class=\"gb-image gb-image-f126a60b\" src=\"https:\/\/atsindustrialautomation.com\/wp-content\/uploads\/sites\/57\/2023\/08\/Where-We-Lead-Industrial-Consumer-Products.png\" alt=\"Industrie- und Konsumg\u00fcter\" title=\"Where We Lead Industrial &amp; Consumer Products\" srcset=\"https:\/\/atsindustrialautomation.com\/wp-content\/uploads\/sites\/57\/2023\/08\/Where-We-Lead-Industrial-Consumer-Products.png 1048w, https:\/\/atsindustrialautomation.com\/wp-content\/uploads\/sites\/57\/2023\/08\/Where-We-Lead-Industrial-Consumer-Products.png?resize=300,157 300w, https:\/\/atsindustrialautomation.com\/wp-content\/uploads\/sites\/57\/2023\/08\/Where-We-Lead-Industrial-Consumer-Products.png?resize=768,403 768w, https:\/\/atsindustrialautomation.com\/wp-content\/uploads\/sites\/57\/2023\/08\/Where-We-Lead-Industrial-Consumer-Products.png?resize=1024,537 1024w\" sizes=\"auto, (max-width: 1048px) 100vw, 1048px\" \/><\/figure>\n\n<\/div><\/div><\/div>\n<\/div>\n<\/div><\/div>\n\n<div class=\"gb-container gb-container-da994f16 alignfull\"><div class=\"gb-inside-container\">\n<div class=\"gb-container gb-container-7ef4ce4c alignfull\"><div class=\"gb-inside-container\">\n<div class=\"gb-grid-wrapper gb-grid-wrapper-4669cae2\">\n<div class=\"gb-grid-column gb-grid-column-58053b3e\"><div class=\"gb-container gb-container-58053b3e\"><div class=\"gb-inside-container\">\n\n<h2 class=\"gb-headline gb-headline-5f142a43 gb-headline-text\">\u00dcberlegen Sie einmal\u2026<\/h2>\n\n\n\n<p class=\"gb-headline gb-headline-f5c28cb8 gb-headline-text\">Was w\u00e4re, wenn Ihr Automatisierungsanbieter wie ein internes Automatisierungsteam agieren w\u00fcrde? Wir sind bereit, Sie bei der Planung von Automatisierungskapazit\u00e4ten und -zeitpunkten zu unterst\u00fctzen und Ihr Design auf Herstellbarkeit hin zu durchdenken. Wenn wir eng als ein Team zusammenarbeiten, erzielen wir bessere Ergebnisse.<\/p>\n\n\n<div class=\"gb-button-wrapper gb-button-wrapper-1dcc8c89\">\n\n<a class=\"gb-button gb-button-6c0fbf98 gb-button-text\" href=\"https:\/\/atsindustrialautomation.com\/de\/kontakt\/\">Machen Sie einen Termin f\u00fcr ein Telefonat<\/a>\n\n<\/div>\n<\/div><\/div><\/div>\n\n<div class=\"gb-grid-column gb-grid-column-3e6ffc3c\"><div class=\"gb-container gb-container-3e6ffc3c\"><div class=\"gb-inside-container\"><\/div><\/div><\/div>\n<\/div>\n<\/div><\/div>\n<\/div><\/div>","protected":false},"excerpt":{"rendered":"<p>Wir liefern qualitativ hochwertige, wiederholbare und flexible L\u00f6sungen f\u00fcr die Prozessautomatisierung in der Fahrzeugindustrie, der Energiespeicherung, der Nuklearindustrie, der Konsumg\u00fcterindustrie und einer Vielzahl anderer Branchen.<\/p>\n","protected":false},"author":420,"featured_media":0,"parent":0,"menu_order":0,"comment_status":"closed","ping_status":"closed","template":"page-templates\/empty.php","meta":{"_acf_changed":false,"inline_featured_image":false,"footnotes":""},"class_list":["post-7218","page","type-page","status-publish","hentry"],"yoast_head":"<!-- This site is optimized with the Yoast SEO Premium plugin v26.8 (Yoast SEO v26.8) - https:\/\/yoast.com\/product\/yoast-seo-premium-wordpress\/ -->\n<title>Wo wir t\u00e4tig sind - ATS Industrial Automation<\/title>\n<meta name=\"description\" content=\"ATS Industrial Automation bietet Automatisierungs- und Prozessl\u00f6sungen f\u00fcr verschiedene M\u00e4rkte, darunter Elektromobilit\u00e4t, Energie, Kernkraft sowie Industrie- und Konsumg\u00fcter.\" \/>\n<meta name=\"robots\" content=\"index, follow, max-snippet:-1, max-image-preview:large, max-video-preview:-1\" \/>\n<link rel=\"canonical\" href=\"https:\/\/atsindustrialautomation.com\/de\/wo-wir-taetig-sind\/\" \/>\n<meta property=\"og:locale\" content=\"de_DE\" \/>\n<meta property=\"og:type\" content=\"article\" \/>\n<meta property=\"og:title\" content=\"Wo wir t\u00e4tig sind\" \/>\n<meta property=\"og:description\" content=\"ATS Industrial Automation bietet Automatisierungs- und Prozessl\u00f6sungen f\u00fcr verschiedene M\u00e4rkte, darunter Elektromobilit\u00e4t, Energie, Kernkraft sowie Industrie- und Konsumg\u00fcter.\" \/>\n<meta property=\"og:url\" content=\"https:\/\/atsindustrialautomation.com\/de\/wo-wir-taetig-sind\/\" \/>\n<meta property=\"og:site_name\" content=\"ATS Industrial Automation\" \/>\n<meta property=\"article:publisher\" content=\"https:\/\/www.facebook.com\/ATSIndustrialAutomation\" \/>\n<meta property=\"article:modified_time\" content=\"2026-03-30T15:33:31+00:00\" \/>\n<meta property=\"og:image\" content=\"https:\/\/atsindustrialautomation.com\/wp-content\/uploads\/sites\/57\/2023\/07\/Where-We-Lead-eMobility.png\" \/>\n<meta name=\"twitter:card\" content=\"summary_large_image\" \/>\n<meta name=\"twitter:label1\" content=\"Gesch\u00e4tzte Lesezeit\" \/>\n\t<meta name=\"twitter:data1\" content=\"3 Minuten\" \/>\n<script type=\"application\/ld+json\" class=\"yoast-schema-graph\">{\"@context\":\"https:\/\/schema.org\",\"@graph\":[{\"@type\":\"WebPage\",\"@id\":\"https:\/\/atsindustrialautomation.com\/de\/wo-wir-taetig-sind\/\",\"url\":\"https:\/\/atsindustrialautomation.com\/de\/wo-wir-taetig-sind\/\",\"name\":\"Wo wir t\u00e4tig sind - ATS Industrial Automation\",\"isPartOf\":{\"@id\":\"https:\/\/atsindustrialautomation.com\/de\/#website\"},\"primaryImageOfPage\":{\"@id\":\"https:\/\/atsindustrialautomation.com\/de\/wo-wir-taetig-sind\/#primaryimage\"},\"image\":{\"@id\":\"https:\/\/atsindustrialautomation.com\/de\/wo-wir-taetig-sind\/#primaryimage\"},\"thumbnailUrl\":\"https:\/\/atsindustrialautomation.com\/wp-content\/uploads\/sites\/57\/2023\/07\/Where-We-Lead-eMobility.png\",\"datePublished\":\"2023-06-07T20:31:21+00:00\",\"dateModified\":\"2026-03-30T15:33:31+00:00\",\"description\":\"ATS Industrial Automation bietet Automatisierungs- und Prozessl\u00f6sungen f\u00fcr verschiedene M\u00e4rkte, darunter Elektromobilit\u00e4t, Energie, Kernkraft sowie Industrie- und Konsumg\u00fcter.\",\"breadcrumb\":{\"@id\":\"https:\/\/atsindustrialautomation.com\/de\/wo-wir-taetig-sind\/#breadcrumb\"},\"inLanguage\":\"de-DE\",\"potentialAction\":[{\"@type\":\"ReadAction\",\"target\":[\"https:\/\/atsindustrialautomation.com\/de\/wo-wir-taetig-sind\/\"]}]},{\"@type\":\"ImageObject\",\"inLanguage\":\"de-DE\",\"@id\":\"https:\/\/atsindustrialautomation.com\/de\/wo-wir-taetig-sind\/#primaryimage\",\"url\":\"https:\/\/atsindustrialautomation.com\/wp-content\/uploads\/sites\/57\/2023\/07\/Where-We-Lead-eMobility.png\",\"contentUrl\":\"https:\/\/atsindustrialautomation.com\/wp-content\/uploads\/sites\/57\/2023\/07\/Where-We-Lead-eMobility.png\"},{\"@type\":\"BreadcrumbList\",\"@id\":\"https:\/\/atsindustrialautomation.com\/de\/wo-wir-taetig-sind\/#breadcrumb\",\"itemListElement\":[{\"@type\":\"ListItem\",\"position\":1,\"name\":\"Home\",\"item\":\"https:\/\/atsindustrialautomation.com\/de\/\"},{\"@type\":\"ListItem\",\"position\":2,\"name\":\"Wo wir t\u00e4tig sind\"}]},{\"@type\":\"WebSite\",\"@id\":\"https:\/\/atsindustrialautomation.com\/de\/#website\",\"url\":\"https:\/\/atsindustrialautomation.com\/de\/\",\"name\":\"ATS Industrial Automation\",\"description\":\"Every Day Matters\",\"publisher\":{\"@id\":\"https:\/\/atsindustrialautomation.com\/de\/#organization\"},\"alternateName\":\"atsindustrialautomation.com\",\"potentialAction\":[{\"@type\":\"SearchAction\",\"target\":{\"@type\":\"EntryPoint\",\"urlTemplate\":\"https:\/\/atsindustrialautomation.com\/de\/?s={search_term_string}\"},\"query-input\":{\"@type\":\"PropertyValueSpecification\",\"valueRequired\":true,\"valueName\":\"search_term_string\"}}],\"inLanguage\":\"de-DE\"},{\"@type\":\"Organization\",\"@id\":\"https:\/\/atsindustrialautomation.com\/de\/#organization\",\"name\":\"ATS Industrial Automation\",\"alternateName\":\"atsindustrialautomation.com\",\"url\":\"https:\/\/atsindustrialautomation.com\/de\/\",\"logo\":{\"@type\":\"ImageObject\",\"inLanguage\":\"de-DE\",\"@id\":\"https:\/\/atsindustrialautomation.com\/de\/#\/schema\/logo\/image\/\",\"url\":\"https:\/\/atsindustrialautomation.com\/wp-content\/uploads\/sites\/57\/2024\/06\/ATS-Industrial-Automation.png\",\"contentUrl\":\"https:\/\/atsindustrialautomation.com\/wp-content\/uploads\/sites\/57\/2024\/06\/ATS-Industrial-Automation.png\",\"width\":696,\"height\":696,\"caption\":\"ATS Industrial Automation\"},\"image\":{\"@id\":\"https:\/\/atsindustrialautomation.com\/de\/#\/schema\/logo\/image\/\"},\"sameAs\":[\"https:\/\/www.facebook.com\/ATSIndustrialAutomation\",\"https:\/\/www.linkedin.com\/company\/78299442\/\",\"https:\/\/www.youtube.com\/@atsindustrialautomation\",\"https:\/\/www.instagram.com\/atsindustrialautomation\/\"]}]}<\/script>\n<!-- \/ Yoast SEO Premium plugin. -->","yoast_head_json":{"title":"Wo wir t\u00e4tig sind - ATS Industrial Automation","description":"ATS Industrial Automation bietet Automatisierungs- und Prozessl\u00f6sungen f\u00fcr verschiedene M\u00e4rkte, darunter Elektromobilit\u00e4t, Energie, Kernkraft sowie Industrie- und Konsumg\u00fcter.","robots":{"index":"index","follow":"follow","max-snippet":"max-snippet:-1","max-image-preview":"max-image-preview:large","max-video-preview":"max-video-preview:-1"},"canonical":"https:\/\/atsindustrialautomation.com\/de\/wo-wir-taetig-sind\/","og_locale":"de_DE","og_type":"article","og_title":"Wo wir t\u00e4tig sind","og_description":"ATS Industrial Automation bietet Automatisierungs- und Prozessl\u00f6sungen f\u00fcr verschiedene M\u00e4rkte, darunter Elektromobilit\u00e4t, Energie, Kernkraft sowie Industrie- und Konsumg\u00fcter.","og_url":"https:\/\/atsindustrialautomation.com\/de\/wo-wir-taetig-sind\/","og_site_name":"ATS Industrial Automation","article_publisher":"https:\/\/www.facebook.com\/ATSIndustrialAutomation","article_modified_time":"2026-03-30T15:33:31+00:00","og_image":[{"url":"https:\/\/atsindustrialautomation.com\/wp-content\/uploads\/sites\/57\/2023\/07\/Where-We-Lead-eMobility.png","type":"","width":"","height":""}],"twitter_card":"summary_large_image","twitter_misc":{"Gesch\u00e4tzte Lesezeit":"3 Minuten"},"schema":{"@context":"https:\/\/schema.org","@graph":[{"@type":"WebPage","@id":"https:\/\/atsindustrialautomation.com\/de\/wo-wir-taetig-sind\/","url":"https:\/\/atsindustrialautomation.com\/de\/wo-wir-taetig-sind\/","name":"Wo wir t\u00e4tig sind - ATS Industrial Automation","isPartOf":{"@id":"https:\/\/atsindustrialautomation.com\/de\/#website"},"primaryImageOfPage":{"@id":"https:\/\/atsindustrialautomation.com\/de\/wo-wir-taetig-sind\/#primaryimage"},"image":{"@id":"https:\/\/atsindustrialautomation.com\/de\/wo-wir-taetig-sind\/#primaryimage"},"thumbnailUrl":"https:\/\/atsindustrialautomation.com\/wp-content\/uploads\/sites\/57\/2023\/07\/Where-We-Lead-eMobility.png","datePublished":"2023-06-07T20:31:21+00:00","dateModified":"2026-03-30T15:33:31+00:00","description":"ATS Industrial Automation bietet Automatisierungs- und Prozessl\u00f6sungen f\u00fcr verschiedene M\u00e4rkte, darunter Elektromobilit\u00e4t, Energie, Kernkraft sowie Industrie- und Konsumg\u00fcter.","breadcrumb":{"@id":"https:\/\/atsindustrialautomation.com\/de\/wo-wir-taetig-sind\/#breadcrumb"},"inLanguage":"de-DE","potentialAction":[{"@type":"ReadAction","target":["https:\/\/atsindustrialautomation.com\/de\/wo-wir-taetig-sind\/"]}]},{"@type":"ImageObject","inLanguage":"de-DE","@id":"https:\/\/atsindustrialautomation.com\/de\/wo-wir-taetig-sind\/#primaryimage","url":"https:\/\/atsindustrialautomation.com\/wp-content\/uploads\/sites\/57\/2023\/07\/Where-We-Lead-eMobility.png","contentUrl":"https:\/\/atsindustrialautomation.com\/wp-content\/uploads\/sites\/57\/2023\/07\/Where-We-Lead-eMobility.png"},{"@type":"BreadcrumbList","@id":"https:\/\/atsindustrialautomation.com\/de\/wo-wir-taetig-sind\/#breadcrumb","itemListElement":[{"@type":"ListItem","position":1,"name":"Home","item":"https:\/\/atsindustrialautomation.com\/de\/"},{"@type":"ListItem","position":2,"name":"Wo wir t\u00e4tig sind"}]},{"@type":"WebSite","@id":"https:\/\/atsindustrialautomation.com\/de\/#website","url":"https:\/\/atsindustrialautomation.com\/de\/","name":"ATS Industrial Automation","description":"Every Day Matters","publisher":{"@id":"https:\/\/atsindustrialautomation.com\/de\/#organization"},"alternateName":"atsindustrialautomation.com","potentialAction":[{"@type":"SearchAction","target":{"@type":"EntryPoint","urlTemplate":"https:\/\/atsindustrialautomation.com\/de\/?s={search_term_string}"},"query-input":{"@type":"PropertyValueSpecification","valueRequired":true,"valueName":"search_term_string"}}],"inLanguage":"de-DE"},{"@type":"Organization","@id":"https:\/\/atsindustrialautomation.com\/de\/#organization","name":"ATS Industrial Automation","alternateName":"atsindustrialautomation.com","url":"https:\/\/atsindustrialautomation.com\/de\/","logo":{"@type":"ImageObject","inLanguage":"de-DE","@id":"https:\/\/atsindustrialautomation.com\/de\/#\/schema\/logo\/image\/","url":"https:\/\/atsindustrialautomation.com\/wp-content\/uploads\/sites\/57\/2024\/06\/ATS-Industrial-Automation.png","contentUrl":"https:\/\/atsindustrialautomation.com\/wp-content\/uploads\/sites\/57\/2024\/06\/ATS-Industrial-Automation.png","width":696,"height":696,"caption":"ATS Industrial Automation"},"image":{"@id":"https:\/\/atsindustrialautomation.com\/de\/#\/schema\/logo\/image\/"},"sameAs":["https:\/\/www.facebook.com\/ATSIndustrialAutomation","https:\/\/www.linkedin.com\/company\/78299442\/","https:\/\/www.youtube.com\/@atsindustrialautomation","https:\/\/www.instagram.com\/atsindustrialautomation\/"]}]}},"acf":[],"jetpack_sharing_enabled":true,"_links":{"self":[{"href":"https:\/\/atsindustrialautomation.com\/de\/wp-json\/wp\/v2\/pages\/7218","targetHints":{"allow":["GET"]}}],"collection":[{"href":"https:\/\/atsindustrialautomation.com\/de\/wp-json\/wp\/v2\/pages"}],"about":[{"href":"https:\/\/atsindustrialautomation.com\/de\/wp-json\/wp\/v2\/types\/page"}],"author":[{"embeddable":true,"href":"https:\/\/atsindustrialautomation.com\/de\/wp-json\/wp\/v2\/users\/420"}],"replies":[{"embeddable":true,"href":"https:\/\/atsindustrialautomation.com\/de\/wp-json\/wp\/v2\/comments?post=7218"}],"version-history":[{"count":13,"href":"https:\/\/atsindustrialautomation.com\/de\/wp-json\/wp\/v2\/pages\/7218\/revisions"}],"predecessor-version":[{"id":16630,"href":"https:\/\/atsindustrialautomation.com\/de\/wp-json\/wp\/v2\/pages\/7218\/revisions\/16630"}],"wp:attachment":[{"href":"https:\/\/atsindustrialautomation.com\/de\/wp-json\/wp\/v2\/media?parent=7218"}],"curies":[{"name":"wp","href":"https:\/\/api.w.org\/{rel}","templated":true}]}}