{"id":7061,"date":"2023-07-04T18:38:33","date_gmt":"2023-07-04T18:38:33","guid":{"rendered":"https:\/\/atsindustrialautomation.com\/kontakt\/"},"modified":"2025-11-20T15:26:31","modified_gmt":"2025-11-20T15:26:31","slug":"kontakt","status":"publish","type":"page","link":"https:\/\/atsindustrialautomation.com\/de\/kontakt\/","title":{"rendered":"Kontakt"},"content":{"rendered":"<div class=\"gb-container gb-container-6b6992b5 hero-with-robobar alignfull\"><div class=\"gb-inside-container\">\n<div class=\"gb-grid-wrapper gb-grid-wrapper-9aa6f146\">\n<div class=\"gb-grid-column gb-grid-column-4b54d507\"><div class=\"gb-container gb-container-4b54d507\"><div class=\"gb-inside-container\">\n\n<h1 class=\"gb-headline gb-headline-604287c0 gb-headline-text\">Kontakt<\/h1>\n\n\n\n<p class=\"gb-headline gb-headline-c8827512 gb-headline-text\">ATS Industrial Automation ist auf der ganzen Welt t\u00e4tig und hat strategisch g\u00fcnstig gelegenen Niederlassungen in Kanada, den USA und in Europa.&nbsp;<\/p>\n\n\n<div class=\"gb-button-wrapper gb-button-wrapper-1dcc8c89\">\n\n<a class=\"gb-button gb-button-6c0fbf98 gb-button-text\" href=\"https:\/\/atsindustrialautomation.com\/de\/standorte\/\">Alle Niederlassungen anzeigen<\/a>\n\n<\/div>\n<\/div><\/div><\/div>\n\n<div class=\"gb-grid-column gb-grid-column-3ad556e6\"><div class=\"gb-container gb-container-3ad556e6\"><div class=\"gb-inside-container\">\n<div class=\"gb-container gb-container-68525b62\"><div class=\"gb-inside-container\">\n<div class=\"gb-container gb-container-6c65862f\"><div class=\"gb-inside-container\">\n\n<h2 class=\"gb-headline gb-headline-10813fac gb-headline-text\">Kontakt aufnehmen<\/h2>\n\n\n\n<iframe title=\"Get in touch\" id=\"pardot-form-iframe\" style=\"border: 0;\" src=\"https:\/\/go.atsautomation.com\/l\/651873\/2023-12-18\/h6klfp? Source_Page=IA-DE-Contact-Us\" frameborder=\"0\"  style=\"max-width:450px;\"><\/iframe>\n<script type=\"text\/javascript\">\nvar pardot_iframe= document.getElementById('pardot-form-iframe');\npardot_iframe.src = pardot_iframe.src + '&' + window.location.search.substr(1);\n<\/script>\n<script>\n  window.addEventListener('message', function(event) {\n    if (event.data.type === 'customFormRedirect' && event.data.url) {\n      window.location.href = event.data.url;\n    }\n  });\n<\/script>\n\n<\/div><\/div>\n<\/div><\/div>\n\n<div class=\"gb-container gb-container-a54c2ee8\"><div class=\"gb-inside-container\"><\/div><\/div>\n<\/div><\/div><\/div>\n<\/div>\n<\/div><\/div>\n\n<div class=\"gb-container gb-container-1653a8ee alignfull\"><div class=\"gb-inside-container\">\n<div class=\"gb-grid-wrapper gb-grid-wrapper-3b8c198b\">\n<div class=\"gb-grid-column gb-grid-column-66385c10\"><div class=\"gb-container gb-container-66385c10\"><div class=\"gb-inside-container\">\n<div class=\"gb-container gb-container-f6373abd alignfull\"><div class=\"gb-inside-container\">\n\n<p class=\"gb-headline gb-headline-d825ee7c gb-headline-text\">Folgen Sie uns<\/p>\n\n\n<div class=\"gb-grid-wrapper gb-grid-wrapper-7f71e9e8\">\n<div class=\"gb-grid-column gb-grid-column-0e0fd8f2\"><div class=\"gb-container gb-container-0e0fd8f2\"><div class=\"gb-inside-container\">\n<div class=\"gb-button-wrapper gb-button-wrapper-5a30585f\">\n\n<a class=\"gb-button gb-button-5559bb45\" href=\"https:\/\/www.linkedin.com\/company\/78299442\/\" target=\"_blank\" rel=\"noopener noreferrer\" aria-label=\"LinkedIn\"><span class=\"gb-icon\"><svg aria-hidden=\"true\" role=\"img\" height=\"1em\" width=\"1em\" viewBox=\"0 0 448 512\" xmlns=\"http:\/\/www.w3.org\/2000\/svg\"><path fill=\"currentColor\" d=\"M100.28 448H7.4V148.9h92.88zM53.79 108.1C24.09 108.1 0 83.5 0 53.8a53.79 53.79 0 0 1 107.58 0c0 29.7-24.1 54.3-53.79 54.3zM447.9 448h-92.68V302.4c0-34.7-.7-79.2-48.29-79.2-48.29 0-55.69 37.7-55.69 76.7V448h-92.78V148.9h89.08v40.8h1.3c12.4-23.5 42.69-48.3 87.88-48.3 94 0 111.28 61.9 111.28 142.3V448z\"><\/path><\/svg><\/span><\/a>\n\n\n\n<a class=\"gb-button gb-button-c9788daf\" href=\"https:\/\/www.facebook.com\/ATSIndustrialAutomation\" target=\"_blank\" rel=\"noopener noreferrer\" aria-label=\"Facebook\"><span class=\"gb-icon\"><svg aria-hidden=\"true\" role=\"img\" height=\"1em\" width=\"1em\" viewBox=\"0 0 320 512\" xmlns=\"http:\/\/www.w3.org\/2000\/svg\"><path fill=\"currentColor\" d=\"M279.14 288l14.22-92.66h-88.91v-60.13c0-25.35 12.42-50.06 52.24-50.06h40.42V6.26S260.43 0 225.36 0c-73.22 0-121.08 44.38-121.08 124.72v70.62H22.89V288h81.39v224h100.17V288z\"><\/path><\/svg><\/span><\/a>\n\n\n\n<a class=\"gb-button gb-button-a8add5a7\" href=\"https:\/\/www.youtube.com\/@atsindustrialautomation\" target=\"_blank\" rel=\"noopener noreferrer\" aria-label=\"YouTube\"><span class=\"gb-icon\"><svg xmlns=\"http:\/\/www.w3.org\/2000\/svg\" fill=\"none\" viewBox=\"0 0 9 12\" height=\"12\" width=\"9\"> <path fill=\"white\" d=\"M9 6L-4.89399e-07 11.1962L-3.51373e-08 0.803847L9 6Z\"><\/path> <\/svg><\/span><\/a>\n\n\n\n<a class=\"gb-button gb-button-69851f38\" href=\"https:\/\/www.instagram.com\/atsindustrialautomation\/\" target=\"_blank\" rel=\"noopener noreferrer\" aria-label=\"Instagram\"><span class=\"gb-icon\"><svg aria-hidden=\"true\" role=\"img\" height=\"1em\" width=\"1em\" viewBox=\"0 0 448 512\" xmlns=\"http:\/\/www.w3.org\/2000\/svg\"><path fill=\"currentColor\" d=\"M224.1 141c-63.6 0-114.9 51.3-114.9 114.9s51.3 114.9 114.9 114.9S339 319.5 339 255.9 287.7 141 224.1 141zm0 189.6c-41.1 0-74.7-33.5-74.7-74.7s33.5-74.7 74.7-74.7 74.7 33.5 74.7 74.7-33.6 74.7-74.7 74.7zm146.4-194.3c0 14.9-12 26.8-26.8 26.8-14.9 0-26.8-12-26.8-26.8s12-26.8 26.8-26.8 26.8 12 26.8 26.8zm76.1 27.2c-1.7-35.9-9.9-67.7-36.2-93.9-26.2-26.2-58-34.4-93.9-36.2-37-2.1-147.9-2.1-184.9 0-35.8 1.7-67.6 9.9-93.9 36.1s-34.4 58-36.2 93.9c-2.1 37-2.1 147.9 0 184.9 1.7 35.9 9.9 67.7 36.2 93.9s58 34.4 93.9 36.2c37 2.1 147.9 2.1 184.9 0 35.9-1.7 67.7-9.9 93.9-36.2 26.2-26.2 34.4-58 36.2-93.9 2.1-37 2.1-147.8 0-184.8zM398.8 388c-7.8 19.6-22.9 34.7-42.6 42.6-29.5 11.7-99.5 9-132.1 9s-102.7 2.6-132.1-9c-19.6-7.8-34.7-22.9-42.6-42.6-11.7-29.5-9-99.5-9-132.1s-2.6-102.7 9-132.1c7.8-19.6 22.9-34.7 42.6-42.6 29.5-11.7 99.5-9 132.1-9s102.7-2.6 132.1 9c19.6 7.8 34.7 22.9 42.6 42.6 11.7 29.5 9 99.5 9 132.1s2.7 102.7-9 132.1z\"><\/path><\/svg><\/span><\/a>\n\n<\/div>\n<\/div><\/div><\/div>\n<\/div>\n<\/div><\/div>\n<\/div><\/div><\/div>\n<\/div>\n<\/div><\/div>\n\n<div class=\"gb-container gb-container-649733fa alignfull\"><div class=\"gb-inside-container\"><\/div><\/div>","protected":false},"excerpt":{"rendered":"","protected":false},"author":420,"featured_media":0,"parent":0,"menu_order":0,"comment_status":"closed","ping_status":"closed","template":"page-templates\/empty.php","meta":{"_acf_changed":false,"inline_featured_image":false,"footnotes":""},"class_list":["post-7061","page","type-page","status-publish","hentry"],"yoast_head":"<!-- This site is optimized with the Yoast SEO Premium plugin v26.8 (Yoast SEO v26.8) - https:\/\/yoast.com\/product\/yoast-seo-premium-wordpress\/ -->\n<title>Kontakt - ATS Industrial Automation<\/title>\n<meta name=\"description\" content=\"Jedes Projekt ist einzigartig. Wir m\u00f6chten uns Ihre Herausforderungen anh\u00f6ren und Ihnen mitteilen, wie Sie Ihr Projekt durch Automatisierung rechtzeitig auf den Weg bringen k\u00f6nnen.\" \/>\n<meta name=\"robots\" content=\"index, follow, max-snippet:-1, max-image-preview:large, max-video-preview:-1\" \/>\n<link rel=\"canonical\" href=\"https:\/\/atsindustrialautomation.com\/de\/kontakt\/\" \/>\n<meta property=\"og:locale\" content=\"de_DE\" \/>\n<meta property=\"og:type\" content=\"article\" \/>\n<meta property=\"og:title\" content=\"Kontakt\" \/>\n<meta property=\"og:description\" content=\"Jedes Projekt ist einzigartig. Wir m\u00f6chten uns Ihre Herausforderungen anh\u00f6ren und Ihnen mitteilen, wie Sie Ihr Projekt durch Automatisierung rechtzeitig auf den Weg bringen k\u00f6nnen.\" \/>\n<meta property=\"og:url\" content=\"https:\/\/atsindustrialautomation.com\/de\/kontakt\/\" \/>\n<meta property=\"og:site_name\" content=\"ATS Industrial Automation\" \/>\n<meta property=\"article:publisher\" content=\"https:\/\/www.facebook.com\/ATSIndustrialAutomation\" \/>\n<meta property=\"article:modified_time\" content=\"2025-11-20T15:26:31+00:00\" \/>\n<meta property=\"og:image\" content=\"https:\/\/atsindustrialautomation.com\/wp-content\/uploads\/sites\/57\/2024\/06\/Logo-for-QR-Codes.png\" \/>\n\t<meta property=\"og:image:width\" content=\"8888\" \/>\n\t<meta property=\"og:image:height\" content=\"3715\" \/>\n\t<meta property=\"og:image:type\" content=\"image\/png\" \/>\n<meta name=\"twitter:card\" content=\"summary_large_image\" \/>\n<meta name=\"twitter:label1\" content=\"Gesch\u00e4tzte Lesezeit\" \/>\n\t<meta name=\"twitter:data1\" content=\"1 Minute\" \/>\n<script type=\"application\/ld+json\" class=\"yoast-schema-graph\">{\"@context\":\"https:\/\/schema.org\",\"@graph\":[{\"@type\":\"WebPage\",\"@id\":\"https:\/\/atsindustrialautomation.com\/de\/kontakt\/\",\"url\":\"https:\/\/atsindustrialautomation.com\/de\/kontakt\/\",\"name\":\"Kontakt - ATS Industrial Automation\",\"isPartOf\":{\"@id\":\"https:\/\/atsindustrialautomation.com\/de\/#website\"},\"datePublished\":\"2023-07-04T18:38:33+00:00\",\"dateModified\":\"2025-11-20T15:26:31+00:00\",\"description\":\"Jedes Projekt ist einzigartig. Wir m\u00f6chten uns Ihre Herausforderungen anh\u00f6ren und Ihnen mitteilen, wie Sie Ihr Projekt durch Automatisierung rechtzeitig auf den Weg bringen k\u00f6nnen.\",\"breadcrumb\":{\"@id\":\"https:\/\/atsindustrialautomation.com\/de\/kontakt\/#breadcrumb\"},\"inLanguage\":\"de-DE\",\"potentialAction\":[{\"@type\":\"ReadAction\",\"target\":[\"https:\/\/atsindustrialautomation.com\/de\/kontakt\/\"]}]},{\"@type\":\"BreadcrumbList\",\"@id\":\"https:\/\/atsindustrialautomation.com\/de\/kontakt\/#breadcrumb\",\"itemListElement\":[{\"@type\":\"ListItem\",\"position\":1,\"name\":\"Home\",\"item\":\"https:\/\/atsindustrialautomation.com\/de\/\"},{\"@type\":\"ListItem\",\"position\":2,\"name\":\"Kontakt\"}]},{\"@type\":\"WebSite\",\"@id\":\"https:\/\/atsindustrialautomation.com\/de\/#website\",\"url\":\"https:\/\/atsindustrialautomation.com\/de\/\",\"name\":\"ATS Industrial Automation\",\"description\":\"Every Day Matters\",\"publisher\":{\"@id\":\"https:\/\/atsindustrialautomation.com\/de\/#organization\"},\"alternateName\":\"atsindustrialautomation.com\",\"potentialAction\":[{\"@type\":\"SearchAction\",\"target\":{\"@type\":\"EntryPoint\",\"urlTemplate\":\"https:\/\/atsindustrialautomation.com\/de\/?s={search_term_string}\"},\"query-input\":{\"@type\":\"PropertyValueSpecification\",\"valueRequired\":true,\"valueName\":\"search_term_string\"}}],\"inLanguage\":\"de-DE\"},{\"@type\":\"Organization\",\"@id\":\"https:\/\/atsindustrialautomation.com\/de\/#organization\",\"name\":\"ATS Industrial Automation\",\"alternateName\":\"atsindustrialautomation.com\",\"url\":\"https:\/\/atsindustrialautomation.com\/de\/\",\"logo\":{\"@type\":\"ImageObject\",\"inLanguage\":\"de-DE\",\"@id\":\"https:\/\/atsindustrialautomation.com\/de\/#\/schema\/logo\/image\/\",\"url\":\"https:\/\/atsindustrialautomation.com\/wp-content\/uploads\/sites\/57\/2024\/06\/ATS-Industrial-Automation.png\",\"contentUrl\":\"https:\/\/atsindustrialautomation.com\/wp-content\/uploads\/sites\/57\/2024\/06\/ATS-Industrial-Automation.png\",\"width\":696,\"height\":696,\"caption\":\"ATS Industrial Automation\"},\"image\":{\"@id\":\"https:\/\/atsindustrialautomation.com\/de\/#\/schema\/logo\/image\/\"},\"sameAs\":[\"https:\/\/www.facebook.com\/ATSIndustrialAutomation\",\"https:\/\/www.linkedin.com\/company\/78299442\/\",\"https:\/\/www.youtube.com\/@atsindustrialautomation\",\"https:\/\/www.instagram.com\/atsindustrialautomation\/\"]}]}<\/script>\n<!-- \/ Yoast SEO Premium plugin. -->","yoast_head_json":{"title":"Kontakt - ATS Industrial Automation","description":"Jedes Projekt ist einzigartig. Wir m\u00f6chten uns Ihre Herausforderungen anh\u00f6ren und Ihnen mitteilen, wie Sie Ihr Projekt durch Automatisierung rechtzeitig auf den Weg bringen k\u00f6nnen.","robots":{"index":"index","follow":"follow","max-snippet":"max-snippet:-1","max-image-preview":"max-image-preview:large","max-video-preview":"max-video-preview:-1"},"canonical":"https:\/\/atsindustrialautomation.com\/de\/kontakt\/","og_locale":"de_DE","og_type":"article","og_title":"Kontakt","og_description":"Jedes Projekt ist einzigartig. Wir m\u00f6chten uns Ihre Herausforderungen anh\u00f6ren und Ihnen mitteilen, wie Sie Ihr Projekt durch Automatisierung rechtzeitig auf den Weg bringen k\u00f6nnen.","og_url":"https:\/\/atsindustrialautomation.com\/de\/kontakt\/","og_site_name":"ATS Industrial Automation","article_publisher":"https:\/\/www.facebook.com\/ATSIndustrialAutomation","article_modified_time":"2025-11-20T15:26:31+00:00","og_image":[{"width":8888,"height":3715,"url":"https:\/\/atsindustrialautomation.com\/wp-content\/uploads\/sites\/57\/2024\/06\/Logo-for-QR-Codes.png","type":"image\/png"}],"twitter_card":"summary_large_image","twitter_misc":{"Gesch\u00e4tzte Lesezeit":"1 Minute"},"schema":{"@context":"https:\/\/schema.org","@graph":[{"@type":"WebPage","@id":"https:\/\/atsindustrialautomation.com\/de\/kontakt\/","url":"https:\/\/atsindustrialautomation.com\/de\/kontakt\/","name":"Kontakt - ATS Industrial Automation","isPartOf":{"@id":"https:\/\/atsindustrialautomation.com\/de\/#website"},"datePublished":"2023-07-04T18:38:33+00:00","dateModified":"2025-11-20T15:26:31+00:00","description":"Jedes Projekt ist einzigartig. Wir m\u00f6chten uns Ihre Herausforderungen anh\u00f6ren und Ihnen mitteilen, wie Sie Ihr Projekt durch Automatisierung rechtzeitig auf den Weg bringen k\u00f6nnen.","breadcrumb":{"@id":"https:\/\/atsindustrialautomation.com\/de\/kontakt\/#breadcrumb"},"inLanguage":"de-DE","potentialAction":[{"@type":"ReadAction","target":["https:\/\/atsindustrialautomation.com\/de\/kontakt\/"]}]},{"@type":"BreadcrumbList","@id":"https:\/\/atsindustrialautomation.com\/de\/kontakt\/#breadcrumb","itemListElement":[{"@type":"ListItem","position":1,"name":"Home","item":"https:\/\/atsindustrialautomation.com\/de\/"},{"@type":"ListItem","position":2,"name":"Kontakt"}]},{"@type":"WebSite","@id":"https:\/\/atsindustrialautomation.com\/de\/#website","url":"https:\/\/atsindustrialautomation.com\/de\/","name":"ATS Industrial Automation","description":"Every Day Matters","publisher":{"@id":"https:\/\/atsindustrialautomation.com\/de\/#organization"},"alternateName":"atsindustrialautomation.com","potentialAction":[{"@type":"SearchAction","target":{"@type":"EntryPoint","urlTemplate":"https:\/\/atsindustrialautomation.com\/de\/?s={search_term_string}"},"query-input":{"@type":"PropertyValueSpecification","valueRequired":true,"valueName":"search_term_string"}}],"inLanguage":"de-DE"},{"@type":"Organization","@id":"https:\/\/atsindustrialautomation.com\/de\/#organization","name":"ATS Industrial Automation","alternateName":"atsindustrialautomation.com","url":"https:\/\/atsindustrialautomation.com\/de\/","logo":{"@type":"ImageObject","inLanguage":"de-DE","@id":"https:\/\/atsindustrialautomation.com\/de\/#\/schema\/logo\/image\/","url":"https:\/\/atsindustrialautomation.com\/wp-content\/uploads\/sites\/57\/2024\/06\/ATS-Industrial-Automation.png","contentUrl":"https:\/\/atsindustrialautomation.com\/wp-content\/uploads\/sites\/57\/2024\/06\/ATS-Industrial-Automation.png","width":696,"height":696,"caption":"ATS Industrial Automation"},"image":{"@id":"https:\/\/atsindustrialautomation.com\/de\/#\/schema\/logo\/image\/"},"sameAs":["https:\/\/www.facebook.com\/ATSIndustrialAutomation","https:\/\/www.linkedin.com\/company\/78299442\/","https:\/\/www.youtube.com\/@atsindustrialautomation","https:\/\/www.instagram.com\/atsindustrialautomation\/"]}]}},"acf":[],"jetpack_sharing_enabled":true,"_links":{"self":[{"href":"https:\/\/atsindustrialautomation.com\/de\/wp-json\/wp\/v2\/pages\/7061","targetHints":{"allow":["GET"]}}],"collection":[{"href":"https:\/\/atsindustrialautomation.com\/de\/wp-json\/wp\/v2\/pages"}],"about":[{"href":"https:\/\/atsindustrialautomation.com\/de\/wp-json\/wp\/v2\/types\/page"}],"author":[{"embeddable":true,"href":"https:\/\/atsindustrialautomation.com\/de\/wp-json\/wp\/v2\/users\/420"}],"replies":[{"embeddable":true,"href":"https:\/\/atsindustrialautomation.com\/de\/wp-json\/wp\/v2\/comments?post=7061"}],"version-history":[{"count":18,"href":"https:\/\/atsindustrialautomation.com\/de\/wp-json\/wp\/v2\/pages\/7061\/revisions"}],"predecessor-version":[{"id":15772,"href":"https:\/\/atsindustrialautomation.com\/de\/wp-json\/wp\/v2\/pages\/7061\/revisions\/15772"}],"wp:attachment":[{"href":"https:\/\/atsindustrialautomation.com\/de\/wp-json\/wp\/v2\/media?parent=7061"}],"curies":[{"name":"wp","href":"https:\/\/api.w.org\/{rel}","templated":true}]}}