{"id":7059,"date":"2023-06-30T17:42:10","date_gmt":"2023-06-30T17:42:10","guid":{"rendered":"https:\/\/atsindustrialautomation.com\/neuigkeiten-und-ankuendigungen\/"},"modified":"2024-07-23T17:55:55","modified_gmt":"2024-07-23T17:55:55","slug":"neuigkeiten-und-ankuendigungen","status":"publish","type":"page","link":"https:\/\/atsindustrialautomation.com\/de\/neuigkeiten-und-ankuendigungen\/","title":{"rendered":"Neuigkeiten und Ank\u00fcndigungen"},"content":{"rendered":"<div class=\"gb-container gb-container-ade07591 atsia-3rd-level-hero-banner alignfull\"><div class=\"gb-inside-container\">\n<div class=\"gb-grid-wrapper gb-grid-wrapper-08712285\">\n<div class=\"gb-grid-column gb-grid-column-4c878bdc\"><div class=\"gb-container gb-container-4c878bdc\"><div class=\"gb-inside-container\">\n\n<p class=\"gb-headline gb-headline-6080ab23 gb-headline-text atsia-hero-link\"><a href=\"https:\/\/atsindustrialautomation.com\/de\/weitere-informationen\/\">\u2190 Ressourcen<\/a><\/p>\n\n\n\n<h1 class=\"gb-headline gb-headline-2b066a11 gb-headline-text\">Neuigkeiten und Ank\u00fcndigungen<\/h1>\n\n<\/div><\/div><\/div>\n\n<div class=\"gb-grid-column gb-grid-column-77d33360\"><div class=\"gb-container gb-container-77d33360\"><div class=\"gb-inside-container\"><\/div><\/div><\/div>\n<\/div>\n<\/div><\/div>\n\n<div class=\"gb-container gb-container-f6d0244c alignfull\"><div class=\"gb-inside-container\">\n\n\n  <!-- Resrouces All News -->\n  <div class=\"atsia-all-news\">\n\n    <div class=\"filter-wrp\">\n      \n      \n      \n    <\/div>\n\n    <div class=\"posts-group\">\n\n      \n        <div class=\"inner-wrp\"> \n\n          \n            <div class=\"each\">\n\n              <div class=\"each-wrp\">\n\n                <div class=\"inner-content\">\n\n                  <div class=\"post-info\">\n\n                    <div class=\"post-date\">\n                      <p>22 Jan, 2025<\/p>\n                    <\/div>\n\n                    \n                    \n                  <\/div>\n\n                  <div class=\"post-title\">\n                    <a href=\"https:\/\/atsindustrialautomation.com\/de\/news\/ats-industrial-automation-gibt-die-einfuehrung-des-multiflex-systems-zur-segmentierung-von-kernkraftanlagen-bekannt\/\"><h3>ATS Industrial Automation gibt die Einf\u00fchrung des MultiFlex\u2122-Systems zur Segmentierung von Kernkraftanlagen bekannt<\/h3><\/a>\n                  <\/div>\n\n                  <div class=\"btn-wrp\">\n                    <a href=\"https:\/\/atsindustrialautomation.com\/de\/news\/ats-industrial-automation-gibt-die-einfuehrung-des-multiflex-systems-zur-segmentierung-von-kernkraftanlagen-bekannt\/\">\n                      <img decoding=\"async\" src=\"https:\/\/atsindustrialautomation.com\/wp-content\/themes\/atsia\/images\/where-we-play-icon.png\" alt=\"where we play\">\n                    <\/a>\n                  <\/div>\n\n                <\/div>\n                  \n              <\/div>\n                \n            <\/div>\n\n          \n            <div class=\"each\">\n\n              <div class=\"each-wrp\">\n\n                <div class=\"inner-content\">\n\n                  <div class=\"post-info\">\n\n                    <div class=\"post-date\">\n                      <p>29 Aug, 2024<\/p>\n                    <\/div>\n\n                    \n                    \n                  <\/div>\n\n                  <div class=\"post-title\">\n                    <a href=\"https:\/\/atsindustrialautomation.com\/de\/news\/ats-industrial-automation-und-bruce-power-gehen-langfristigen-wartungsvertrag-fuer-projekt-zum-austausch-von-hauptkomponenten-major-component-replacement-mcr-ein\/\"><h3>ATS Industrial Automation und Bruce Power gehen langfristigen Wartungsvertrag f\u00fcr Projekt zum Austausch von Hauptkomponenten (Major Component Replacement, MCR) ein.\u00a0<\/h3><\/a>\n                  <\/div>\n\n                  <div class=\"btn-wrp\">\n                    <a href=\"https:\/\/atsindustrialautomation.com\/de\/news\/ats-industrial-automation-und-bruce-power-gehen-langfristigen-wartungsvertrag-fuer-projekt-zum-austausch-von-hauptkomponenten-major-component-replacement-mcr-ein\/\">\n                      <img decoding=\"async\" src=\"https:\/\/atsindustrialautomation.com\/wp-content\/themes\/atsia\/images\/where-we-play-icon.png\" alt=\"where we play\">\n                    <\/a>\n                  <\/div>\n\n                <\/div>\n                  \n              <\/div>\n                \n            <\/div>\n\n          \n            <div class=\"each\">\n\n              <div class=\"each-wrp\">\n\n                <div class=\"inner-content\">\n\n                  <div class=\"post-info\">\n\n                    <div class=\"post-date\">\n                      <p>06 Aug, 2024<\/p>\n                    <\/div>\n\n                    \n                    \n                  <\/div>\n\n                  <div class=\"post-title\">\n                    <a href=\"https:\/\/atsindustrialautomation.com\/de\/news\/ein-neuer-weltrekord-beim-ausbau-von-calandriarohren\/\"><h3>Ein neuer Weltrekord beim Ausbau von Calandriarohren!<\/h3><\/a>\n                  <\/div>\n\n                  <div class=\"btn-wrp\">\n                    <a href=\"https:\/\/atsindustrialautomation.com\/de\/news\/ein-neuer-weltrekord-beim-ausbau-von-calandriarohren\/\">\n                      <img decoding=\"async\" src=\"https:\/\/atsindustrialautomation.com\/wp-content\/themes\/atsia\/images\/where-we-play-icon.png\" alt=\"where we play\">\n                    <\/a>\n                  <\/div>\n\n                <\/div>\n                  \n              <\/div>\n                \n            <\/div>\n\n          \n            <div class=\"each\">\n\n              <div class=\"each-wrp\">\n\n                <div class=\"inner-content\">\n\n                  <div class=\"post-info\">\n\n                    <div class=\"post-date\">\n                      <p>18 Jul, 2024<\/p>\n                    <\/div>\n\n                    \n                    \n                  <\/div>\n\n                  <div class=\"post-title\">\n                    <a href=\"https:\/\/atsindustrialautomation.com\/de\/news\/ats-industrial-automation-ergaenzt-digital-capabilities-mit-ureality\/\"><h3>ATS Industrial Automation erg\u00e4nzt Digital Capabilities mit UReality<\/h3><\/a>\n                  <\/div>\n\n                  <div class=\"btn-wrp\">\n                    <a href=\"https:\/\/atsindustrialautomation.com\/de\/news\/ats-industrial-automation-ergaenzt-digital-capabilities-mit-ureality\/\">\n                      <img decoding=\"async\" src=\"https:\/\/atsindustrialautomation.com\/wp-content\/themes\/atsia\/images\/where-we-play-icon.png\" alt=\"where we play\">\n                    <\/a>\n                  <\/div>\n\n                <\/div>\n                  \n              <\/div>\n                \n            <\/div>\n\n          \n            <div class=\"each\">\n\n              <div class=\"each-wrp\">\n\n                <div class=\"inner-content\">\n\n                  <div class=\"post-info\">\n\n                    <div class=\"post-date\">\n                      <p>06 Jun, 2024<\/p>\n                    <\/div>\n\n                    \n                    \n                  <\/div>\n\n                  <div class=\"post-title\">\n                    <a href=\"https:\/\/atsindustrialautomation.com\/de\/news\/atkinsrealis-begruesst-ats-industrial-automation-als-neuen-botschafter-fuer-canadians-for-candu\/\"><h3>AtkinsR\u00e9alis begr\u00fc\u00dft ATS Industrial Automation als neuen Botschafter f\u00fcr \u201eCanadians for CANDU\u201c<\/h3><\/a>\n                  <\/div>\n\n                  <div class=\"btn-wrp\">\n                    <a href=\"https:\/\/atsindustrialautomation.com\/de\/news\/atkinsrealis-begruesst-ats-industrial-automation-als-neuen-botschafter-fuer-canadians-for-candu\/\">\n                      <img decoding=\"async\" src=\"https:\/\/atsindustrialautomation.com\/wp-content\/themes\/atsia\/images\/where-we-play-icon.png\" alt=\"where we play\">\n                    <\/a>\n                  <\/div>\n\n                <\/div>\n                  \n              <\/div>\n                \n            <\/div>\n\n          \n            <div class=\"each\">\n\n              <div class=\"each-wrp\">\n\n                <div class=\"inner-content\">\n\n                  <div class=\"post-info\">\n\n                    <div class=\"post-date\">\n                      <p>11 Jan, 2024<\/p>\n                    <\/div>\n\n                    \n                    \n                  <\/div>\n\n                  <div class=\"post-title\">\n                    <a href=\"https:\/\/atsindustrialautomation.com\/de\/news\/ats-industrial-automation-tritt-dem-nii-bei-und-verstaerkt-sein-engagement-fuer-ausbildung-und-innovation-im-bereich-saubere-energie\/\"><h3>ATS Industrial Automation tritt dem NII bei und verst\u00e4rkt sein Engagement f\u00fcr Ausbildung und Innovation im Bereich saubere Energie<\/h3><\/a>\n                  <\/div>\n\n                  <div class=\"btn-wrp\">\n                    <a href=\"https:\/\/atsindustrialautomation.com\/de\/news\/ats-industrial-automation-tritt-dem-nii-bei-und-verstaerkt-sein-engagement-fuer-ausbildung-und-innovation-im-bereich-saubere-energie\/\">\n                      <img decoding=\"async\" src=\"https:\/\/atsindustrialautomation.com\/wp-content\/themes\/atsia\/images\/where-we-play-icon.png\" alt=\"where we play\">\n                    <\/a>\n                  <\/div>\n\n                <\/div>\n                  \n              <\/div>\n                \n            <\/div>\n\n          \n            <div class=\"each\">\n\n              <div class=\"each-wrp\">\n\n                <div class=\"inner-content\">\n\n                  <div class=\"post-info\">\n\n                    <div class=\"post-date\">\n                      <p>27 Sep, 2023<\/p>\n                    <\/div>\n\n                    \n                    \n                  <\/div>\n\n                  <div class=\"post-title\">\n                    <a href=\"https:\/\/atsindustrialautomation.com\/de\/news\/ats-industrial-automation-beliefert-bruce-power-mit-halbautomatischer-technologie-fuer-die-verlegung-von-brennelementkanaelen-bei-der-kernkraftwerksmodernisierung\/\"><h3>ATS Industrial Automation beliefert Bruce Power mit halbautomatischer Technologie f\u00fcr die Verlegung von Brennelementkan\u00e4len bei der Kernkraftwerksmodernisierung<\/h3><\/a>\n                  <\/div>\n\n                  <div class=\"btn-wrp\">\n                    <a href=\"https:\/\/atsindustrialautomation.com\/de\/news\/ats-industrial-automation-beliefert-bruce-power-mit-halbautomatischer-technologie-fuer-die-verlegung-von-brennelementkanaelen-bei-der-kernkraftwerksmodernisierung\/\">\n                      <img decoding=\"async\" src=\"https:\/\/atsindustrialautomation.com\/wp-content\/themes\/atsia\/images\/where-we-play-icon.png\" alt=\"where we play\">\n                    <\/a>\n                  <\/div>\n\n                <\/div>\n                  \n              <\/div>\n                \n            <\/div>\n\n          \n            <div class=\"each\">\n\n              <div class=\"each-wrp\">\n\n                <div class=\"inner-content\">\n\n                  <div class=\"post-info\">\n\n                    <div class=\"post-date\">\n                      <p>26 Sep, 2023<\/p>\n                    <\/div>\n\n                    \n                    \n                  <\/div>\n\n                  <div class=\"post-title\">\n                    <a href=\"https:\/\/atsindustrialautomation.com\/de\/news\/ats-industrial-automation-erweitert-sein-angebot-fuer-die-stilllegung-von-kernkraftwerken-um-den-bereich-materialcharakterisierung\/\"><h3>ATS Industrial Automation erweitert sein Angebot f\u00fcr die Stilllegung von Kernkraftwerken um den Bereich Materialcharakterisierung<\/h3><\/a>\n                  <\/div>\n\n                  <div class=\"btn-wrp\">\n                    <a href=\"https:\/\/atsindustrialautomation.com\/de\/news\/ats-industrial-automation-erweitert-sein-angebot-fuer-die-stilllegung-von-kernkraftwerken-um-den-bereich-materialcharakterisierung\/\">\n                      <img decoding=\"async\" src=\"https:\/\/atsindustrialautomation.com\/wp-content\/themes\/atsia\/images\/where-we-play-icon.png\" alt=\"where we play\">\n                    <\/a>\n                  <\/div>\n\n                <\/div>\n                  \n              <\/div>\n                \n            <\/div>\n\n          \n            <div class=\"each\">\n\n              <div class=\"each-wrp\">\n\n                <div class=\"inner-content\">\n\n                  <div class=\"post-info\">\n\n                    <div class=\"post-date\">\n                      <p>25 Apr, 2023<\/p>\n                    <\/div>\n\n                    \n                    \n                  <\/div>\n\n                  <div class=\"post-title\">\n                    <a href=\"https:\/\/atsindustrialautomation.com\/de\/news\/ats-industrial-automation-erhielt-einen-auftrag-zur-prototyperstellung-in-voygr-kraftwerken-von-nuscale-power\/\"><h3>ATS Industrial Automation erhielt einen Auftrag zur Prototyperstellung in VOYGR\u2122 Kraftwerken von NuScale Power<\/h3><\/a>\n                  <\/div>\n\n                  <div class=\"btn-wrp\">\n                    <a href=\"https:\/\/atsindustrialautomation.com\/de\/news\/ats-industrial-automation-erhielt-einen-auftrag-zur-prototyperstellung-in-voygr-kraftwerken-von-nuscale-power\/\">\n                      <img decoding=\"async\" src=\"https:\/\/atsindustrialautomation.com\/wp-content\/themes\/atsia\/images\/where-we-play-icon.png\" alt=\"where we play\">\n                    <\/a>\n                  <\/div>\n\n                <\/div>\n                  \n              <\/div>\n                \n            <\/div>\n\n          \n            <div class=\"each\">\n\n              <div class=\"each-wrp\">\n\n                <div class=\"inner-content\">\n\n                  <div class=\"post-info\">\n\n                    <div class=\"post-date\">\n                      <p>12 Jan, 2023<\/p>\n                    <\/div>\n\n                    \n                    \n                  <\/div>\n\n                  <div class=\"post-title\">\n                    <a href=\"https:\/\/atsindustrialautomation.com\/de\/news\/ats-industrial-automation-und-bruce-power-auf-der-ocni-jahreshauptversammlung-2022-und-der-vergabe-des-supplier-excellence-award-fuer-seine-innovationen-gewuerdigt\/\"><h3>ATS Industrial Automation und Bruce Power auf der OCNI-Jahreshauptversammlung 2022 und der Vergabe des Supplier Excellence Award f\u00fcr seine Innovationen gew\u00fcrdigt<\/h3><\/a>\n                  <\/div>\n\n                  <div class=\"btn-wrp\">\n                    <a href=\"https:\/\/atsindustrialautomation.com\/de\/news\/ats-industrial-automation-und-bruce-power-auf-der-ocni-jahreshauptversammlung-2022-und-der-vergabe-des-supplier-excellence-award-fuer-seine-innovationen-gewuerdigt\/\">\n                      <img decoding=\"async\" src=\"https:\/\/atsindustrialautomation.com\/wp-content\/themes\/atsia\/images\/where-we-play-icon.png\" alt=\"where we play\">\n                    <\/a>\n                  <\/div>\n\n                <\/div>\n                  \n              <\/div>\n                \n            <\/div>\n\n          \n        <\/div>\n\n      \n            \n    <\/div>\n    \n  <\/div>\n\n  <script type=\"text\/javascript\">\n    \n    jQuery('.atsia-all-news .filter-wrp ul li').click(function() {\n\n      jQuery('.atsia-all-news .filter-wrp ul li').removeClass('active');\n      jQuery(this).addClass('active');\n\n      var term_id = jQuery(this).attr('data-term-id');\n\n      if ( term_id == 0 ) {\n        jQuery('.atsia-all-news .posts-group .inner-wrp .each').removeClass('item-hide');\n      } else {\n\n        jQuery('.atsia-all-news .posts-group .inner-wrp .each').each(function() {\n          var check = false;\n          jQuery(this).find('.post-cats').find('span').each(function() {\n            if ( term_id == jQuery(this).attr('data-term-id') ) {\n              check = true;\n            }\n          });\n\n          if ( check ) {\n            jQuery(this).removeClass('item-hide');\n          } else {\n            jQuery(this).addClass('item-hide');\n          }\n        });\n      }\n\n    });\n\n\n  <\/script>\n\n  \n\n<\/div><\/div>","protected":false},"excerpt":{"rendered":"","protected":false},"author":420,"featured_media":0,"parent":0,"menu_order":0,"comment_status":"closed","ping_status":"closed","template":"page-templates\/empty.php","meta":{"_acf_changed":false,"inline_featured_image":false,"footnotes":""},"class_list":["post-7059","page","type-page","status-publish","hentry"],"yoast_head":"<!-- This site is optimized with the Yoast SEO Premium plugin v26.8 (Yoast SEO v26.8) - https:\/\/yoast.com\/product\/yoast-seo-premium-wordpress\/ -->\n<title>Neuigkeiten und Ank\u00fcndigungen - ATS Industrial Automation<\/title>\n<meta name=\"description\" content=\"Die neuesten Meldungen, Ank\u00fcndigungen und Pressemitteilungen von ATS Industrial Automation.\" \/>\n<meta name=\"robots\" content=\"index, follow, max-snippet:-1, max-image-preview:large, max-video-preview:-1\" \/>\n<link rel=\"canonical\" href=\"https:\/\/atsindustrialautomation.com\/de\/neuigkeiten-und-ankuendigungen\/\" \/>\n<meta property=\"og:locale\" content=\"de_DE\" \/>\n<meta property=\"og:type\" content=\"article\" \/>\n<meta property=\"og:title\" content=\"Neuigkeiten und Ank\u00fcndigungen\" \/>\n<meta property=\"og:description\" content=\"Die neuesten Meldungen, Ank\u00fcndigungen und Pressemitteilungen von ATS Industrial Automation.\" \/>\n<meta property=\"og:url\" content=\"https:\/\/atsindustrialautomation.com\/de\/neuigkeiten-und-ankuendigungen\/\" \/>\n<meta property=\"og:site_name\" content=\"ATS Industrial Automation\" \/>\n<meta property=\"article:publisher\" content=\"https:\/\/www.facebook.com\/ATSIndustrialAutomation\" \/>\n<meta property=\"article:modified_time\" content=\"2024-07-23T17:55:55+00:00\" \/>\n<meta property=\"og:image\" content=\"https:\/\/atsindustrialautomation.com\/wp-content\/uploads\/sites\/57\/2024\/06\/Logo-for-QR-Codes.png\" \/>\n\t<meta property=\"og:image:width\" content=\"8888\" \/>\n\t<meta property=\"og:image:height\" content=\"3715\" \/>\n\t<meta property=\"og:image:type\" content=\"image\/png\" \/>\n<meta name=\"twitter:card\" content=\"summary_large_image\" \/>\n<meta name=\"twitter:label1\" content=\"Gesch\u00e4tzte Lesezeit\" \/>\n\t<meta name=\"twitter:data1\" content=\"1 Minute\" \/>\n<script type=\"application\/ld+json\" class=\"yoast-schema-graph\">{\"@context\":\"https:\/\/schema.org\",\"@graph\":[{\"@type\":\"WebPage\",\"@id\":\"https:\/\/atsindustrialautomation.com\/de\/neuigkeiten-und-ankuendigungen\/\",\"url\":\"https:\/\/atsindustrialautomation.com\/de\/neuigkeiten-und-ankuendigungen\/\",\"name\":\"Neuigkeiten und Ank\u00fcndigungen - ATS Industrial Automation\",\"isPartOf\":{\"@id\":\"https:\/\/atsindustrialautomation.com\/de\/#website\"},\"datePublished\":\"2023-06-30T17:42:10+00:00\",\"dateModified\":\"2024-07-23T17:55:55+00:00\",\"description\":\"Die neuesten Meldungen, Ank\u00fcndigungen und Pressemitteilungen von ATS Industrial Automation.\",\"breadcrumb\":{\"@id\":\"https:\/\/atsindustrialautomation.com\/de\/neuigkeiten-und-ankuendigungen\/#breadcrumb\"},\"inLanguage\":\"de-DE\",\"potentialAction\":[{\"@type\":\"ReadAction\",\"target\":[\"https:\/\/atsindustrialautomation.com\/de\/neuigkeiten-und-ankuendigungen\/\"]}]},{\"@type\":\"BreadcrumbList\",\"@id\":\"https:\/\/atsindustrialautomation.com\/de\/neuigkeiten-und-ankuendigungen\/#breadcrumb\",\"itemListElement\":[{\"@type\":\"ListItem\",\"position\":1,\"name\":\"Home\",\"item\":\"https:\/\/atsindustrialautomation.com\/de\/\"},{\"@type\":\"ListItem\",\"position\":2,\"name\":\"Neuigkeiten und Ank\u00fcndigungen\"}]},{\"@type\":\"WebSite\",\"@id\":\"https:\/\/atsindustrialautomation.com\/de\/#website\",\"url\":\"https:\/\/atsindustrialautomation.com\/de\/\",\"name\":\"ATS Industrial Automation\",\"description\":\"Every Day Matters\",\"publisher\":{\"@id\":\"https:\/\/atsindustrialautomation.com\/de\/#organization\"},\"alternateName\":\"atsindustrialautomation.com\",\"potentialAction\":[{\"@type\":\"SearchAction\",\"target\":{\"@type\":\"EntryPoint\",\"urlTemplate\":\"https:\/\/atsindustrialautomation.com\/de\/?s={search_term_string}\"},\"query-input\":{\"@type\":\"PropertyValueSpecification\",\"valueRequired\":true,\"valueName\":\"search_term_string\"}}],\"inLanguage\":\"de-DE\"},{\"@type\":\"Organization\",\"@id\":\"https:\/\/atsindustrialautomation.com\/de\/#organization\",\"name\":\"ATS Industrial Automation\",\"alternateName\":\"atsindustrialautomation.com\",\"url\":\"https:\/\/atsindustrialautomation.com\/de\/\",\"logo\":{\"@type\":\"ImageObject\",\"inLanguage\":\"de-DE\",\"@id\":\"https:\/\/atsindustrialautomation.com\/de\/#\/schema\/logo\/image\/\",\"url\":\"https:\/\/atsindustrialautomation.com\/wp-content\/uploads\/sites\/57\/2024\/06\/ATS-Industrial-Automation.png\",\"contentUrl\":\"https:\/\/atsindustrialautomation.com\/wp-content\/uploads\/sites\/57\/2024\/06\/ATS-Industrial-Automation.png\",\"width\":696,\"height\":696,\"caption\":\"ATS Industrial Automation\"},\"image\":{\"@id\":\"https:\/\/atsindustrialautomation.com\/de\/#\/schema\/logo\/image\/\"},\"sameAs\":[\"https:\/\/www.facebook.com\/ATSIndustrialAutomation\",\"https:\/\/www.linkedin.com\/company\/78299442\/\",\"https:\/\/www.youtube.com\/@atsindustrialautomation\",\"https:\/\/www.instagram.com\/atsindustrialautomation\/\"]}]}<\/script>\n<!-- \/ Yoast SEO Premium plugin. -->","yoast_head_json":{"title":"Neuigkeiten und Ank\u00fcndigungen - ATS Industrial Automation","description":"Die neuesten Meldungen, Ank\u00fcndigungen und Pressemitteilungen von ATS Industrial Automation.","robots":{"index":"index","follow":"follow","max-snippet":"max-snippet:-1","max-image-preview":"max-image-preview:large","max-video-preview":"max-video-preview:-1"},"canonical":"https:\/\/atsindustrialautomation.com\/de\/neuigkeiten-und-ankuendigungen\/","og_locale":"de_DE","og_type":"article","og_title":"Neuigkeiten und Ank\u00fcndigungen","og_description":"Die neuesten Meldungen, Ank\u00fcndigungen und Pressemitteilungen von ATS Industrial Automation.","og_url":"https:\/\/atsindustrialautomation.com\/de\/neuigkeiten-und-ankuendigungen\/","og_site_name":"ATS Industrial Automation","article_publisher":"https:\/\/www.facebook.com\/ATSIndustrialAutomation","article_modified_time":"2024-07-23T17:55:55+00:00","og_image":[{"width":8888,"height":3715,"url":"https:\/\/atsindustrialautomation.com\/wp-content\/uploads\/sites\/57\/2024\/06\/Logo-for-QR-Codes.png","type":"image\/png"}],"twitter_card":"summary_large_image","twitter_misc":{"Gesch\u00e4tzte Lesezeit":"1 Minute"},"schema":{"@context":"https:\/\/schema.org","@graph":[{"@type":"WebPage","@id":"https:\/\/atsindustrialautomation.com\/de\/neuigkeiten-und-ankuendigungen\/","url":"https:\/\/atsindustrialautomation.com\/de\/neuigkeiten-und-ankuendigungen\/","name":"Neuigkeiten und Ank\u00fcndigungen - ATS Industrial Automation","isPartOf":{"@id":"https:\/\/atsindustrialautomation.com\/de\/#website"},"datePublished":"2023-06-30T17:42:10+00:00","dateModified":"2024-07-23T17:55:55+00:00","description":"Die neuesten Meldungen, Ank\u00fcndigungen und Pressemitteilungen von ATS Industrial Automation.","breadcrumb":{"@id":"https:\/\/atsindustrialautomation.com\/de\/neuigkeiten-und-ankuendigungen\/#breadcrumb"},"inLanguage":"de-DE","potentialAction":[{"@type":"ReadAction","target":["https:\/\/atsindustrialautomation.com\/de\/neuigkeiten-und-ankuendigungen\/"]}]},{"@type":"BreadcrumbList","@id":"https:\/\/atsindustrialautomation.com\/de\/neuigkeiten-und-ankuendigungen\/#breadcrumb","itemListElement":[{"@type":"ListItem","position":1,"name":"Home","item":"https:\/\/atsindustrialautomation.com\/de\/"},{"@type":"ListItem","position":2,"name":"Neuigkeiten und Ank\u00fcndigungen"}]},{"@type":"WebSite","@id":"https:\/\/atsindustrialautomation.com\/de\/#website","url":"https:\/\/atsindustrialautomation.com\/de\/","name":"ATS Industrial Automation","description":"Every Day Matters","publisher":{"@id":"https:\/\/atsindustrialautomation.com\/de\/#organization"},"alternateName":"atsindustrialautomation.com","potentialAction":[{"@type":"SearchAction","target":{"@type":"EntryPoint","urlTemplate":"https:\/\/atsindustrialautomation.com\/de\/?s={search_term_string}"},"query-input":{"@type":"PropertyValueSpecification","valueRequired":true,"valueName":"search_term_string"}}],"inLanguage":"de-DE"},{"@type":"Organization","@id":"https:\/\/atsindustrialautomation.com\/de\/#organization","name":"ATS Industrial Automation","alternateName":"atsindustrialautomation.com","url":"https:\/\/atsindustrialautomation.com\/de\/","logo":{"@type":"ImageObject","inLanguage":"de-DE","@id":"https:\/\/atsindustrialautomation.com\/de\/#\/schema\/logo\/image\/","url":"https:\/\/atsindustrialautomation.com\/wp-content\/uploads\/sites\/57\/2024\/06\/ATS-Industrial-Automation.png","contentUrl":"https:\/\/atsindustrialautomation.com\/wp-content\/uploads\/sites\/57\/2024\/06\/ATS-Industrial-Automation.png","width":696,"height":696,"caption":"ATS Industrial Automation"},"image":{"@id":"https:\/\/atsindustrialautomation.com\/de\/#\/schema\/logo\/image\/"},"sameAs":["https:\/\/www.facebook.com\/ATSIndustrialAutomation","https:\/\/www.linkedin.com\/company\/78299442\/","https:\/\/www.youtube.com\/@atsindustrialautomation","https:\/\/www.instagram.com\/atsindustrialautomation\/"]}]}},"acf":[],"jetpack_sharing_enabled":true,"_links":{"self":[{"href":"https:\/\/atsindustrialautomation.com\/de\/wp-json\/wp\/v2\/pages\/7059","targetHints":{"allow":["GET"]}}],"collection":[{"href":"https:\/\/atsindustrialautomation.com\/de\/wp-json\/wp\/v2\/pages"}],"about":[{"href":"https:\/\/atsindustrialautomation.com\/de\/wp-json\/wp\/v2\/types\/page"}],"author":[{"embeddable":true,"href":"https:\/\/atsindustrialautomation.com\/de\/wp-json\/wp\/v2\/users\/420"}],"replies":[{"embeddable":true,"href":"https:\/\/atsindustrialautomation.com\/de\/wp-json\/wp\/v2\/comments?post=7059"}],"version-history":[{"count":14,"href":"https:\/\/atsindustrialautomation.com\/de\/wp-json\/wp\/v2\/pages\/7059\/revisions"}],"predecessor-version":[{"id":9881,"href":"https:\/\/atsindustrialautomation.com\/de\/wp-json\/wp\/v2\/pages\/7059\/revisions\/9881"}],"wp:attachment":[{"href":"https:\/\/atsindustrialautomation.com\/de\/wp-json\/wp\/v2\/media?parent=7059"}],"curies":[{"name":"wp","href":"https:\/\/api.w.org\/{rel}","templated":true}]}}