{"id":11100,"date":"2024-11-05T18:57:43","date_gmt":"2024-11-05T18:57:43","guid":{"rendered":"https:\/\/atsindustrialautomation.com\/?page_id=11100"},"modified":"2024-11-05T18:57:44","modified_gmt":"2024-11-05T18:57:44","slug":"duales-studium","status":"publish","type":"page","link":"https:\/\/atsindustrialautomation.com\/de\/duales-studium\/","title":{"rendered":"Duales Studium"},"content":{"rendered":"<div class=\"gb-container gb-container-ade07591 atsia-3rd-level-hero-banner alignfull\"><div class=\"gb-inside-container\">\n<div class=\"gb-grid-wrapper gb-grid-wrapper-08712285\">\n<div class=\"gb-grid-column gb-grid-column-4c878bdc\"><div class=\"gb-container gb-container-4c878bdc\"><div class=\"gb-inside-container\">\n\n<p class=\"gb-headline gb-headline-eb8edc1e gb-headline-text atsia-hero-link\"><a href=\"https:\/\/atsindustrialautomation.com\/de\/warum-bei-uns-arbeiten\/\">\u2190 Wie wir vorangehen <\/a><\/p>\n\n\n\n<h1 class=\"gb-headline gb-headline-2b066a11 gb-headline-text\">Ausbildung und duales Studium bei ATS in Koblenz<\/h1>\n\n\n<div class=\"gb-button-wrapper gb-button-wrapper-591797a0\">\n\n<a class=\"gb-button gb-button-be0a5f9f gb-button-text\" href=\"https:\/\/jobs.atsautomation.com\/search\/?createNewAlert=false&amp;q=industrial+automation&amp;locationsearch=koblenz&amp;optionsFacetsDD_brand=&amp;optionsFacetsDD_country=&amp;optionsFacetsDD_location=&amp;optionsFacetsDD_lang=\" target=\"_blank\" rel=\"noopener noreferrer\">Offene Stellen anzeigen<\/a>\n\n<\/div>\n<\/div><\/div><\/div>\n\n<div class=\"gb-grid-column gb-grid-column-77d33360\"><div class=\"gb-container gb-container-77d33360\"><div class=\"gb-inside-container\"><\/div><\/div><\/div>\n<\/div>\n<\/div><\/div>\n\n<div class=\"gb-container gb-container-159821e1 alignfull\"><div class=\"gb-inside-container\">\n\n<p class=\"gb-headline gb-headline-452603d6 gb-headline-text\"><strong>ATS Industrial Automation in Koblenz ist Teil des weltweit f\u00fchrenden Unternehmens f\u00fcr Automatisierung. Als Sondermaschinenbau-Spezialist entwickeln und bauen wir individuelle Fertigungslinien, z.B. f\u00fcr die Automobilindustrie. Weil bei uns kein Projekt wie das andere ist, arbeitet bei uns niemand in der Serienfertigung oder nach Schema F.<\/strong><\/p>\n\n<\/div><\/div>\n\n<div class=\"gb-container gb-container-41d17c5c alignfull\"><div class=\"gb-inside-container\">\n<div class=\"gb-grid-wrapper gb-grid-wrapper-1c4feb36\">\n<div class=\"gb-grid-column gb-grid-column-9f853ea5\"><div class=\"gb-container gb-container-9f853ea5\"><div class=\"gb-inside-container\">\n\n<figure class=\"wp-block-video\"><video height=\"1080\" style=\"aspect-ratio: 1080 \/ 1080;\" width=\"1080\" controls loop src=\"https:\/\/atsindustrialautomation.com\/wp-content\/uploads\/sites\/57\/2024\/11\/Apprenticeship.mp4\"><\/video><\/figure>\n\n<\/div><\/div><\/div>\n\n<div class=\"gb-grid-column gb-grid-column-aaf184f8\"><div class=\"gb-container gb-container-aaf184f8\"><div class=\"gb-inside-container\">\n\n<h2 class=\"gb-headline gb-headline-66e04779 gb-headline-text\">Deine Ausbildung bei ATS Industrial Automation in Koblenz<\/h2>\n\n\n\n<p class=\"gb-headline gb-headline-001b9f48 gb-headline-text\">Jede von uns gebaute Produktionslinie ist besonders \u2013 genau wie unsere Ausbildung. Als Industriemechaniker<em>in oder als Elektroniker<\/em>in f\u00fcr Betriebstechnik arbeitest Du immer an individuellen Projekten. Das bedeutet f\u00fcr dich: <\/p>\n\n\n\n<p class=\"gb-headline gb-headline-65a2d8aa gb-headline-text\">Besonders viel Abwechslung, besonders viel lernen und besonders gute Perspektiven f\u00fcrs Berufsleben. <\/p>\n\n\n\n<p class=\"gb-headline gb-headline-0ad4e15e gb-headline-text\">Bei unserem Kooperationspartner, der Industrielehrwerkstatt in Koblenz, wirst Du optimal auf Pr\u00fcfungen vorbereitet. In unserem Mutterkonzern, der ATS Automation mit Sitz in Kanada bekommst Du die M\u00f6glichkeit, in Austauschprogrammen und Montageprojekten weltweit \u00fcber den Tellerrand hinaus zu schauen.<\/p>\n\n\n\n<p class=\"gb-headline gb-headline-79622195 gb-headline-text\">Mehr Infos zur Ausbildung und zu ATS Industrial Automation in Koblenz gibts im Video.<\/p>\n\n<\/div><\/div><\/div>\n<\/div>\n\n<div class=\"gb-container gb-container-248d6599 hero-with-robobar\"><div class=\"gb-inside-container\"><\/div><\/div>\n<\/div><\/div>\n\n<div class=\"gb-container gb-container-fab470b9 alignfull\"><div class=\"gb-inside-container\">\n<div class=\"gb-grid-wrapper gb-grid-wrapper-b67b2ea2\">\n<div class=\"gb-grid-column gb-grid-column-46f42665\"><div class=\"gb-container gb-container-46f42665\"><div class=\"gb-inside-container\">\n\n<h2 class=\"gb-headline gb-headline-bd99dc3a gb-headline-text\">Dein duales Studium bei ATS Industrial Automation in Koblenz<\/h2>\n\n\n\n<p class=\"gb-headline gb-headline-69221520 gb-headline-text\">Jede von uns gebaute Produktionslinie ist besonders \u2013 genau wie unser duales Studienprogramm im Engineering. Bei uns kannst Du Dich f\u00fcr ein duales Studium im Maschinenbau oder in der Elektrotechnik entscheiden. Im Ausbildungsteil wirst Du entsprechend als Industriemechaniker<em>in bzw. als Elektroniker<\/em>in f\u00fcr Betriebstechnik ausgebildet. Den Bachelor of Engineering von der Hochschule Koblenz gibts oben drauf. Ein duales Studium bei uns bedeutet f\u00fcr dich: <\/p>\n\n\n\n<p class=\"gb-headline gb-headline-d6e9e8b9 gb-headline-text\">Besonders viele Einblicke, besonders viel Freiheit und besonders individuelle Entwicklungsm\u00f6glichkeiten. <\/p>\n\n\n\n<p class=\"gb-headline gb-headline-7887bd89 gb-headline-text\">Als Teil der ATS Automation Gruppe mit Hauptsitz in Kanada bieten wir dir au\u00dferdem die M\u00f6glichkeit, schon w\u00e4hrend des Studiums im Rahmen von Austauschprogrammen mit unseren Schwesterwerken, umfassende internationale Berufserfahrung zu sammeln.<\/p>\n\n<\/div><\/div><\/div>\n\n<div class=\"gb-grid-column gb-grid-column-e76da500\"><div class=\"gb-container gb-container-e76da500\"><div class=\"gb-inside-container\">\n\n<figure class=\"gb-block-image gb-block-image-81136748\"><img decoding=\"async\" loading=\"lazy\" width=\"1048\" height=\"550\" class=\"gb-image gb-image-81136748\" src=\"https:\/\/atsindustrialautomation.com\/wp-content\/uploads\/sites\/57\/2024\/10\/Website-Rounded-Corner-Images-5.png\" alt=\"\" title=\"Website Rounded Corner Images (5)\" srcset=\"https:\/\/atsindustrialautomation.com\/wp-content\/uploads\/sites\/57\/2024\/10\/Website-Rounded-Corner-Images-5.png 1048w, https:\/\/atsindustrialautomation.com\/wp-content\/uploads\/sites\/57\/2024\/10\/Website-Rounded-Corner-Images-5.png?resize=300,157 300w, https:\/\/atsindustrialautomation.com\/wp-content\/uploads\/sites\/57\/2024\/10\/Website-Rounded-Corner-Images-5.png?resize=768,403 768w, https:\/\/atsindustrialautomation.com\/wp-content\/uploads\/sites\/57\/2024\/10\/Website-Rounded-Corner-Images-5.png?resize=1024,537 1024w\" sizes=\"auto, (max-width: 1048px) 100vw, 1048px\" \/><\/figure>\n\n<\/div><\/div><\/div>\n<\/div>\n\n<div class=\"gb-container gb-container-6ea29d9d hero-with-robobar\"><div class=\"gb-inside-container\"><\/div><\/div>\n<\/div><\/div>\n\n<div class=\"gb-container gb-container-b82eaaf5 alignfull\"><div class=\"gb-inside-container\">\n<div class=\"gb-grid-wrapper gb-grid-wrapper-fbbe099b\">\n<div class=\"gb-grid-column gb-grid-column-c360b4bc\"><div class=\"gb-container gb-container-c360b4bc\"><div class=\"gb-inside-container\">\n\n<figure class=\"gb-block-image gb-block-image-be27d29b\"><img decoding=\"async\" loading=\"lazy\" width=\"1048\" height=\"550\" class=\"gb-image gb-image-be27d29b\" src=\"https:\/\/atsindustrialautomation.com\/wp-content\/uploads\/sites\/57\/2024\/10\/Website-Rounded-Corner-Images-2.png\" alt=\"Women working on manufacturing equipment\" title=\"Website Rounded Corner Images (2)\" srcset=\"https:\/\/atsindustrialautomation.com\/wp-content\/uploads\/sites\/57\/2024\/10\/Website-Rounded-Corner-Images-2.png 1048w, https:\/\/atsindustrialautomation.com\/wp-content\/uploads\/sites\/57\/2024\/10\/Website-Rounded-Corner-Images-2.png?resize=300,157 300w, https:\/\/atsindustrialautomation.com\/wp-content\/uploads\/sites\/57\/2024\/10\/Website-Rounded-Corner-Images-2.png?resize=768,403 768w, https:\/\/atsindustrialautomation.com\/wp-content\/uploads\/sites\/57\/2024\/10\/Website-Rounded-Corner-Images-2.png?resize=1024,537 1024w\" sizes=\"auto, (max-width: 1048px) 100vw, 1048px\" \/><\/figure>\n\n<\/div><\/div><\/div>\n\n<div class=\"gb-grid-column gb-grid-column-c403bbb1\"><div class=\"gb-container gb-container-c403bbb1\"><div class=\"gb-inside-container\">\n\n<h2 class=\"gb-headline gb-headline-01ac3a97 gb-headline-text\">Elektroniker*in f\u00fcr Betriebstechnik<\/h2>\n\n\n\n<p class=\"gb-headline gb-headline-051d2312 gb-headline-text\">Du lernst in einem abwechslungsreichen Umfeld mit zahlreichen Schnittstellen zur Mechanik und Robotik.<\/p>\n\n\n<div class=\"gb-button-wrapper gb-button-wrapper-9a1fcac6\">\n\n<a class=\"gb-button gb-button-08f420bb gb-button-text\" href=\"https:\/\/jobs.atsautomation.com\/search\/?createNewAlert=false&amp;q=industrial+automation&amp;locationsearch=koblenz&amp;optionsFacetsDD_brand=&amp;optionsFacetsDD_country=&amp;optionsFacetsDD_location=&amp;optionsFacetsDD_lang=\" target=\"_blank\" rel=\"noopener noreferrer\">Offene Stellen anzeigen<\/a>\n\n<\/div>\n<\/div><\/div><\/div>\n<\/div>\n\n<div class=\"gb-container gb-container-44cf4daa hero-with-robobar\"><div class=\"gb-inside-container\"><\/div><\/div>\n<\/div><\/div>\n\n<div class=\"gb-container gb-container-0609516b alignfull\"><div class=\"gb-inside-container\">\n<div class=\"gb-grid-wrapper gb-grid-wrapper-a7e449d6\">\n<div class=\"gb-grid-column gb-grid-column-9682b01d\"><div class=\"gb-container gb-container-9682b01d\"><div class=\"gb-inside-container\">\n\n<h2 class=\"gb-headline gb-headline-83692321 gb-headline-text\">Industriemechaniker*in<\/h2>\n\n\n\n<p class=\"gb-headline gb-headline-de71009f gb-headline-text\">Neben Deinem H\u00e4ndchen f\u00fcr Technik ist vor allem Dein Verstand gefragt. Weil bei uns jede Baugruppe, jedes Modul und jedes Projekt individuell sind, wirst Du hier ganz schnell zum vielseitigen Mechanik-Spezialisten.<\/p>\n\n\n<div class=\"gb-button-wrapper gb-button-wrapper-2915e1f0\">\n\n<a class=\"gb-button gb-button-b15390f4 gb-button-text\" href=\"https:\/\/jobs.atsautomation.com\/search\/?createNewAlert=false&amp;q=industrial+automation&amp;locationsearch=koblenz&amp;optionsFacetsDD_brand=&amp;optionsFacetsDD_country=&amp;optionsFacetsDD_location=&amp;optionsFacetsDD_lang=\" target=\"_blank\" rel=\"noopener noreferrer\">Offene Stellen anzeigen<\/a>\n\n<\/div>\n<\/div><\/div><\/div>\n\n<div class=\"gb-grid-column gb-grid-column-71529e81\"><div class=\"gb-container gb-container-71529e81\"><div class=\"gb-inside-container\">\n\n<figure class=\"gb-block-image gb-block-image-1041fd7b\"><img decoding=\"async\" loading=\"lazy\" width=\"1048\" height=\"550\" class=\"gb-image gb-image-1041fd7b\" src=\"https:\/\/atsindustrialautomation.com\/wp-content\/uploads\/sites\/57\/2023\/08\/Supporting-STEAM-Careers.png\" alt=\"Unterst\u00fctzung von STEAM-Laufbahnen\" title=\"Supporting STEAM Careers\" srcset=\"https:\/\/atsindustrialautomation.com\/wp-content\/uploads\/sites\/57\/2023\/08\/Supporting-STEAM-Careers.png 1048w, https:\/\/atsindustrialautomation.com\/wp-content\/uploads\/sites\/57\/2023\/08\/Supporting-STEAM-Careers.png?resize=300,157 300w, https:\/\/atsindustrialautomation.com\/wp-content\/uploads\/sites\/57\/2023\/08\/Supporting-STEAM-Careers.png?resize=768,403 768w, https:\/\/atsindustrialautomation.com\/wp-content\/uploads\/sites\/57\/2023\/08\/Supporting-STEAM-Careers.png?resize=1024,537 1024w\" sizes=\"auto, (max-width: 1048px) 100vw, 1048px\" \/><\/figure>\n\n<\/div><\/div><\/div>\n<\/div>\n\n<div class=\"gb-container gb-container-decf3275 hero-with-robobar\"><div class=\"gb-inside-container\"><\/div><\/div>\n<\/div><\/div>\n\n<div class=\"gb-container gb-container-10ff9904 alignfull\"><div class=\"gb-inside-container\">\n<div class=\"gb-grid-wrapper gb-grid-wrapper-35749673\">\n<div class=\"gb-grid-column gb-grid-column-87e0bb02\"><div class=\"gb-container gb-container-87e0bb02\"><div class=\"gb-inside-container\">\n\n<figure class=\"gb-block-image gb-block-image-835d3df6\"><img decoding=\"async\" loading=\"lazy\" width=\"1048\" height=\"550\" class=\"gb-image gb-image-835d3df6\" src=\"https:\/\/atsindustrialautomation.com\/wp-content\/uploads\/sites\/57\/2024\/10\/Website-Rounded-Corner-Images-4.png\" alt=\"Women working on manufacturing equipment\" title=\"Website Rounded Corner Images (4)\" srcset=\"https:\/\/atsindustrialautomation.com\/wp-content\/uploads\/sites\/57\/2024\/10\/Website-Rounded-Corner-Images-4.png 1048w, https:\/\/atsindustrialautomation.com\/wp-content\/uploads\/sites\/57\/2024\/10\/Website-Rounded-Corner-Images-4.png?resize=300,157 300w, https:\/\/atsindustrialautomation.com\/wp-content\/uploads\/sites\/57\/2024\/10\/Website-Rounded-Corner-Images-4.png?resize=768,403 768w, https:\/\/atsindustrialautomation.com\/wp-content\/uploads\/sites\/57\/2024\/10\/Website-Rounded-Corner-Images-4.png?resize=1024,537 1024w\" sizes=\"auto, (max-width: 1048px) 100vw, 1048px\" \/><\/figure>\n\n<\/div><\/div><\/div>\n\n<div class=\"gb-grid-column gb-grid-column-b6a32f9d\"><div class=\"gb-container gb-container-b6a32f9d\"><div class=\"gb-inside-container\">\n\n<h2 class=\"gb-headline gb-headline-eecfdd40 gb-headline-text\">Bei uns ist Einzigartigkeit der Standard:<\/h2>\n\n\n\n<p class=\"gb-headline gb-headline-dbdcbeda gb-headline-text\">Anlagen wie unsere k\u00f6nnen nur entstehen, weil unsere Teams in der Konstruktion, in der Fertigung und in der Montage jeden Tag neue L\u00f6sungen finden und hervorragend zusammenarbeiten. In unseren Ausbildungsprogrammen bekommst Du die Chance, in einem exzellenten Umfeld von Vollprofis zu lernen, gemeinsam mit uns zu wachsen und Dir hervorragende Zukunftsperspektiven zu erarbeiten.<\/p>\n\n<\/div><\/div><\/div>\n<\/div>\n<\/div><\/div>\n\n<div class=\"gb-container gb-container-11d79130 alignfull\"><div class=\"gb-inside-container\">\n<div class=\"gb-container gb-container-84cea826 alignfull\"><div class=\"gb-inside-container\">\n<div class=\"gb-grid-wrapper gb-grid-wrapper-6699d470\">\n<div class=\"gb-grid-column gb-grid-column-d9f4b3ca\"><div class=\"gb-container gb-container-d9f4b3ca\"><div class=\"gb-inside-container\">\n\n<h2 class=\"gb-headline gb-headline-c908c417 gb-headline-text\">Jetzt Kontakt Aufnehmen!<\/h2>\n\n\n\n<p class=\"gb-headline gb-headline-f4717e58 gb-headline-text\">Du interessierst Dich f\u00fcr eine Ausbildung, ein duales Studium oder einen Job bei ATS Industrial Automation?<\/p>\n\n\n<div class=\"gb-button-wrapper gb-button-wrapper-9f4dfd71\">\n\n<a class=\"gb-button gb-button-c849c5bc gb-button-text\" href=\"https:\/\/jobs.atsautomation.com\/search\/?createNewAlert=false&amp;q=industrial+automation&amp;locationsearch=koblenz&amp;optionsFacetsDD_brand=&amp;optionsFacetsDD_country=&amp;optionsFacetsDD_location=&amp;optionsFacetsDD_lang=\" target=\"_blank\" rel=\"noopener noreferrer\">Offene Stellen<\/a>\n\n<\/div>\n<\/div><\/div><\/div>\n\n<div class=\"gb-grid-column gb-grid-column-51daaf68\"><div class=\"gb-container gb-container-51daaf68\"><div class=\"gb-inside-container\"><\/div><\/div><\/div>\n<\/div>\n<\/div><\/div>\n<\/div><\/div>","protected":false},"excerpt":{"rendered":"<p>ATS Industrial Automation in Koblenz ist Teil des weltweit f\u00fchrenden Unternehmens f\u00fcr Automatisierung. Als Sondermaschinenbau-Spezialist entwickeln und bauen wir individuelle Fertigungslinien, z.B. f\u00fcr die Automobilindustrie. Weil bei uns kein Projekt wie das andere ist, arbeitet bei uns niemand in der Serienfertigung oder nach Schema F.<\/p>\n","protected":false},"author":60,"featured_media":0,"parent":0,"menu_order":0,"comment_status":"closed","ping_status":"closed","template":"page-templates\/empty.php","meta":{"_acf_changed":false,"inline_featured_image":false,"footnotes":""},"class_list":["post-11100","page","type-page","status-publish","hentry"],"yoast_head":"<!-- This site is optimized with the Yoast SEO Premium plugin v26.8 (Yoast SEO v26.8) - https:\/\/yoast.com\/product\/yoast-seo-premium-wordpress\/ -->\n<title>Duales Studium - ATS Industrial Automation<\/title>\n<meta name=\"description\" content=\"ATS Industrial Automation in Koblenz ist Teil des weltweit f\u00fchrenden Unternehmens f\u00fcr Automatisierung.\" \/>\n<meta name=\"robots\" content=\"index, follow, max-snippet:-1, max-image-preview:large, max-video-preview:-1\" \/>\n<link rel=\"canonical\" href=\"https:\/\/atsindustrialautomation.com\/de\/duales-studium\/\" \/>\n<meta property=\"og:locale\" content=\"de_DE\" \/>\n<meta property=\"og:type\" content=\"article\" \/>\n<meta property=\"og:title\" content=\"Duales Studium\" \/>\n<meta property=\"og:description\" content=\"ATS Industrial Automation in Koblenz ist Teil des weltweit f\u00fchrenden Unternehmens f\u00fcr Automatisierung.\" \/>\n<meta property=\"og:url\" content=\"https:\/\/atsindustrialautomation.com\/de\/duales-studium\/\" \/>\n<meta property=\"og:site_name\" content=\"ATS Industrial Automation\" \/>\n<meta property=\"article:publisher\" content=\"https:\/\/www.facebook.com\/ATSIndustrialAutomation\" \/>\n<meta property=\"article:modified_time\" content=\"2024-11-05T18:57:44+00:00\" \/>\n<meta property=\"og:image\" content=\"https:\/\/atsindustrialautomation.com\/wp-content\/uploads\/sites\/57\/2024\/10\/Website-Rounded-Corner-Images-5.png\" \/>\n<meta name=\"twitter:card\" content=\"summary_large_image\" \/>\n<meta name=\"twitter:label1\" content=\"Gesch\u00e4tzte Lesezeit\" \/>\n\t<meta name=\"twitter:data1\" content=\"3 Minuten\" \/>\n<script type=\"application\/ld+json\" class=\"yoast-schema-graph\">{\"@context\":\"https:\/\/schema.org\",\"@graph\":[{\"@type\":\"WebPage\",\"@id\":\"https:\/\/atsindustrialautomation.com\/de\/duales-studium\/\",\"url\":\"https:\/\/atsindustrialautomation.com\/de\/duales-studium\/\",\"name\":\"Duales Studium - ATS Industrial Automation\",\"isPartOf\":{\"@id\":\"https:\/\/atsindustrialautomation.com\/de\/#website\"},\"primaryImageOfPage\":{\"@id\":\"https:\/\/atsindustrialautomation.com\/de\/duales-studium\/#primaryimage\"},\"image\":{\"@id\":\"https:\/\/atsindustrialautomation.com\/de\/duales-studium\/#primaryimage\"},\"thumbnailUrl\":\"https:\/\/atsindustrialautomation.com\/wp-content\/uploads\/sites\/57\/2024\/10\/Website-Rounded-Corner-Images-5.png\",\"datePublished\":\"2024-11-05T18:57:43+00:00\",\"dateModified\":\"2024-11-05T18:57:44+00:00\",\"description\":\"ATS Industrial Automation in Koblenz ist Teil des weltweit f\u00fchrenden Unternehmens f\u00fcr Automatisierung.\",\"breadcrumb\":{\"@id\":\"https:\/\/atsindustrialautomation.com\/de\/duales-studium\/#breadcrumb\"},\"inLanguage\":\"de-DE\",\"potentialAction\":[{\"@type\":\"ReadAction\",\"target\":[\"https:\/\/atsindustrialautomation.com\/de\/duales-studium\/\"]}]},{\"@type\":\"ImageObject\",\"inLanguage\":\"de-DE\",\"@id\":\"https:\/\/atsindustrialautomation.com\/de\/duales-studium\/#primaryimage\",\"url\":\"https:\/\/atsindustrialautomation.com\/wp-content\/uploads\/sites\/57\/2024\/10\/Website-Rounded-Corner-Images-5.png\",\"contentUrl\":\"https:\/\/atsindustrialautomation.com\/wp-content\/uploads\/sites\/57\/2024\/10\/Website-Rounded-Corner-Images-5.png\"},{\"@type\":\"BreadcrumbList\",\"@id\":\"https:\/\/atsindustrialautomation.com\/de\/duales-studium\/#breadcrumb\",\"itemListElement\":[{\"@type\":\"ListItem\",\"position\":1,\"name\":\"Home\",\"item\":\"https:\/\/atsindustrialautomation.com\/de\/\"},{\"@type\":\"ListItem\",\"position\":2,\"name\":\"Duales Studium\"}]},{\"@type\":\"WebSite\",\"@id\":\"https:\/\/atsindustrialautomation.com\/de\/#website\",\"url\":\"https:\/\/atsindustrialautomation.com\/de\/\",\"name\":\"ATS Industrial Automation\",\"description\":\"Every Day Matters\",\"publisher\":{\"@id\":\"https:\/\/atsindustrialautomation.com\/de\/#organization\"},\"alternateName\":\"atsindustrialautomation.com\",\"potentialAction\":[{\"@type\":\"SearchAction\",\"target\":{\"@type\":\"EntryPoint\",\"urlTemplate\":\"https:\/\/atsindustrialautomation.com\/de\/?s={search_term_string}\"},\"query-input\":{\"@type\":\"PropertyValueSpecification\",\"valueRequired\":true,\"valueName\":\"search_term_string\"}}],\"inLanguage\":\"de-DE\"},{\"@type\":\"Organization\",\"@id\":\"https:\/\/atsindustrialautomation.com\/de\/#organization\",\"name\":\"ATS Industrial Automation\",\"alternateName\":\"atsindustrialautomation.com\",\"url\":\"https:\/\/atsindustrialautomation.com\/de\/\",\"logo\":{\"@type\":\"ImageObject\",\"inLanguage\":\"de-DE\",\"@id\":\"https:\/\/atsindustrialautomation.com\/de\/#\/schema\/logo\/image\/\",\"url\":\"https:\/\/atsindustrialautomation.com\/wp-content\/uploads\/sites\/57\/2024\/06\/ATS-Industrial-Automation.png\",\"contentUrl\":\"https:\/\/atsindustrialautomation.com\/wp-content\/uploads\/sites\/57\/2024\/06\/ATS-Industrial-Automation.png\",\"width\":696,\"height\":696,\"caption\":\"ATS Industrial Automation\"},\"image\":{\"@id\":\"https:\/\/atsindustrialautomation.com\/de\/#\/schema\/logo\/image\/\"},\"sameAs\":[\"https:\/\/www.facebook.com\/ATSIndustrialAutomation\",\"https:\/\/www.linkedin.com\/company\/78299442\/\",\"https:\/\/www.youtube.com\/@atsindustrialautomation\",\"https:\/\/www.instagram.com\/atsindustrialautomation\/\"]}]}<\/script>\n<!-- \/ Yoast SEO Premium plugin. -->","yoast_head_json":{"title":"Duales Studium - ATS Industrial Automation","description":"ATS Industrial Automation in Koblenz ist Teil des weltweit f\u00fchrenden Unternehmens f\u00fcr Automatisierung.","robots":{"index":"index","follow":"follow","max-snippet":"max-snippet:-1","max-image-preview":"max-image-preview:large","max-video-preview":"max-video-preview:-1"},"canonical":"https:\/\/atsindustrialautomation.com\/de\/duales-studium\/","og_locale":"de_DE","og_type":"article","og_title":"Duales Studium","og_description":"ATS Industrial Automation in Koblenz ist Teil des weltweit f\u00fchrenden Unternehmens f\u00fcr Automatisierung.","og_url":"https:\/\/atsindustrialautomation.com\/de\/duales-studium\/","og_site_name":"ATS Industrial Automation","article_publisher":"https:\/\/www.facebook.com\/ATSIndustrialAutomation","article_modified_time":"2024-11-05T18:57:44+00:00","og_image":[{"url":"https:\/\/atsindustrialautomation.com\/wp-content\/uploads\/sites\/57\/2024\/10\/Website-Rounded-Corner-Images-5.png","type":"","width":"","height":""}],"twitter_card":"summary_large_image","twitter_misc":{"Gesch\u00e4tzte Lesezeit":"3 Minuten"},"schema":{"@context":"https:\/\/schema.org","@graph":[{"@type":"WebPage","@id":"https:\/\/atsindustrialautomation.com\/de\/duales-studium\/","url":"https:\/\/atsindustrialautomation.com\/de\/duales-studium\/","name":"Duales Studium - ATS Industrial Automation","isPartOf":{"@id":"https:\/\/atsindustrialautomation.com\/de\/#website"},"primaryImageOfPage":{"@id":"https:\/\/atsindustrialautomation.com\/de\/duales-studium\/#primaryimage"},"image":{"@id":"https:\/\/atsindustrialautomation.com\/de\/duales-studium\/#primaryimage"},"thumbnailUrl":"https:\/\/atsindustrialautomation.com\/wp-content\/uploads\/sites\/57\/2024\/10\/Website-Rounded-Corner-Images-5.png","datePublished":"2024-11-05T18:57:43+00:00","dateModified":"2024-11-05T18:57:44+00:00","description":"ATS Industrial Automation in Koblenz ist Teil des weltweit f\u00fchrenden Unternehmens f\u00fcr Automatisierung.","breadcrumb":{"@id":"https:\/\/atsindustrialautomation.com\/de\/duales-studium\/#breadcrumb"},"inLanguage":"de-DE","potentialAction":[{"@type":"ReadAction","target":["https:\/\/atsindustrialautomation.com\/de\/duales-studium\/"]}]},{"@type":"ImageObject","inLanguage":"de-DE","@id":"https:\/\/atsindustrialautomation.com\/de\/duales-studium\/#primaryimage","url":"https:\/\/atsindustrialautomation.com\/wp-content\/uploads\/sites\/57\/2024\/10\/Website-Rounded-Corner-Images-5.png","contentUrl":"https:\/\/atsindustrialautomation.com\/wp-content\/uploads\/sites\/57\/2024\/10\/Website-Rounded-Corner-Images-5.png"},{"@type":"BreadcrumbList","@id":"https:\/\/atsindustrialautomation.com\/de\/duales-studium\/#breadcrumb","itemListElement":[{"@type":"ListItem","position":1,"name":"Home","item":"https:\/\/atsindustrialautomation.com\/de\/"},{"@type":"ListItem","position":2,"name":"Duales Studium"}]},{"@type":"WebSite","@id":"https:\/\/atsindustrialautomation.com\/de\/#website","url":"https:\/\/atsindustrialautomation.com\/de\/","name":"ATS Industrial Automation","description":"Every Day Matters","publisher":{"@id":"https:\/\/atsindustrialautomation.com\/de\/#organization"},"alternateName":"atsindustrialautomation.com","potentialAction":[{"@type":"SearchAction","target":{"@type":"EntryPoint","urlTemplate":"https:\/\/atsindustrialautomation.com\/de\/?s={search_term_string}"},"query-input":{"@type":"PropertyValueSpecification","valueRequired":true,"valueName":"search_term_string"}}],"inLanguage":"de-DE"},{"@type":"Organization","@id":"https:\/\/atsindustrialautomation.com\/de\/#organization","name":"ATS Industrial Automation","alternateName":"atsindustrialautomation.com","url":"https:\/\/atsindustrialautomation.com\/de\/","logo":{"@type":"ImageObject","inLanguage":"de-DE","@id":"https:\/\/atsindustrialautomation.com\/de\/#\/schema\/logo\/image\/","url":"https:\/\/atsindustrialautomation.com\/wp-content\/uploads\/sites\/57\/2024\/06\/ATS-Industrial-Automation.png","contentUrl":"https:\/\/atsindustrialautomation.com\/wp-content\/uploads\/sites\/57\/2024\/06\/ATS-Industrial-Automation.png","width":696,"height":696,"caption":"ATS Industrial Automation"},"image":{"@id":"https:\/\/atsindustrialautomation.com\/de\/#\/schema\/logo\/image\/"},"sameAs":["https:\/\/www.facebook.com\/ATSIndustrialAutomation","https:\/\/www.linkedin.com\/company\/78299442\/","https:\/\/www.youtube.com\/@atsindustrialautomation","https:\/\/www.instagram.com\/atsindustrialautomation\/"]}]}},"acf":[],"jetpack_sharing_enabled":true,"_links":{"self":[{"href":"https:\/\/atsindustrialautomation.com\/de\/wp-json\/wp\/v2\/pages\/11100","targetHints":{"allow":["GET"]}}],"collection":[{"href":"https:\/\/atsindustrialautomation.com\/de\/wp-json\/wp\/v2\/pages"}],"about":[{"href":"https:\/\/atsindustrialautomation.com\/de\/wp-json\/wp\/v2\/types\/page"}],"author":[{"embeddable":true,"href":"https:\/\/atsindustrialautomation.com\/de\/wp-json\/wp\/v2\/users\/60"}],"replies":[{"embeddable":true,"href":"https:\/\/atsindustrialautomation.com\/de\/wp-json\/wp\/v2\/comments?post=11100"}],"version-history":[{"count":11,"href":"https:\/\/atsindustrialautomation.com\/de\/wp-json\/wp\/v2\/pages\/11100\/revisions"}],"predecessor-version":[{"id":11189,"href":"https:\/\/atsindustrialautomation.com\/de\/wp-json\/wp\/v2\/pages\/11100\/revisions\/11189"}],"wp:attachment":[{"href":"https:\/\/atsindustrialautomation.com\/de\/wp-json\/wp\/v2\/media?parent=11100"}],"curies":[{"name":"wp","href":"https:\/\/api.w.org\/{rel}","templated":true}]}}